{"id":3021,"date":"2021-11-10T21:09:53","date_gmt":"2021-11-10T21:09:53","guid":{"rendered":"https:\/\/www.marixperience.com\/?page_id=3021"},"modified":"2025-08-13T11:52:17","modified_gmt":"2025-08-13T11:52:17","slug":"drzavni-sektor","status":"publish","type":"page","link":"https:\/\/www.marixperience.com\/me\/drzavni-sektor\/","title":{"rendered":"Nacionalni i internacionalni sektor"},"content":{"rendered":"<div class=\"bt_bb_wrapper\"><section id=\"bt_bb_section69f1894220407\" data-parallax=\"0.6\" data-parallax-offset=\"0\" class=\"bt_bb_section bt_bb_top_spacing_large bt_bb_bottom_spacing_large bt_bb_color_scheme_1 bt_bb_layout_boxed_1200 bt_bb_vertical_align_top bt_bb_background_image bt_bb_parallax\" style=\"background-image:url(&#039;https:\/\/www.marixperience.com\/wp-content\/uploads\/2021\/11\/shutterstock_313785899.jpg&#039;);\"><div class=\"bt_bb_port\"><div class=\"bt_bb_cell\"><div class=\"bt_bb_cell_inner\"><div class=\"bt_bb_row_wrapper\"><div  class=\"bt_bb_row bt_bb_column_gap_40 bt_bb_animation_no_animation animate\" ><div  class=\"bt_bb_column col-xl-12 col-xs-12 col-sm-12 col-md-12 col-lg-12 bt_bb_align_center bt_bb_vertical_align_middle bt_bb_padding_normal bt_bb_animation_fade_in animate\"  data-width=\"12\" data-bt-override-class=\"{&quot;bt_bb_align_&quot;:{&quot;current_class&quot;:&quot;bt_bb_align_center&quot;,&quot;xl&quot;:&quot;center&quot;}}\"><div class=\"bt_bb_column_content\"><div class=\"bt_bb_column_content_inner\"><div class=\"bt_bb_separator bt_bb_bottom_spacing_medium bt_bb_border_style_none bt_bb_border_color_none\"><\/div><header class=\"bt_bb_headline bt_bb_dash_none bt_bb_size_huge bt_bb_align_inherit\" data-bt-override-class=\"{&quot;bt_bb_size_&quot;:{&quot;current_class&quot;:&quot;bt_bb_size_huge&quot;,&quot;xl&quot;:&quot;huge&quot;},&quot;bt_bb_align_&quot;:{&quot;current_class&quot;:&quot;bt_bb_align_inherit&quot;,&quot;xl&quot;:&quot;inherit&quot;}}\"><h1 class=\"bt_bb_headline_tag\"><span class=\"bt_bb_headline_content\"><span>Nacionalni i internacionalni sektor<\/span><\/span><\/h1><\/header><div class=\"bt_bb_separator bt_bb_bottom_spacing_small bt_bb_border_style_none bt_bb_border_color_none\"><\/div><\/div><\/div><\/div><\/div><\/div><\/div><\/div><\/div><\/section><section id=\"bt_bb_section69f189422063a\"  class=\"bt_bb_section bt_bb_color_scheme_15 bt_bb_layout_wide bt_bb_vertical_align_top\" style=\";background-color:rgb(255,255,255);\"><div class=\"bt_bb_port\"><div class=\"bt_bb_cell\"><div class=\"bt_bb_cell_inner\"><div class=\"bt_bb_row_wrapper bt_bb_row_width_boxed_1200 bt_bb_row_push_left bt_bb_content_wide\"><div  class=\"bt_bb_row bt_bb_column_gap_0 bt_bb_animation_no_animation animate\" style=\" background-color: rgba(244, 247, 246, 1);\"><div  class=\"bt_bb_column col-xl-5 bt_bb_align_left bt_bb_vertical_align_top bt_bb_padding_normal bt_bb_animation_fade_in animate\"  data-width=\"5\" data-bt-override-class=\"{}\"><div class=\"bt_bb_column_content\"><div class=\"bt_bb_column_content_inner\"><div class=\"bt_bb_image bt_bb_shape_square bt_bb_align_inherit bt_bb_hover_style_simple bt_bb_content_display_always bt_bb_content_align_middle\" data-bt-override-class=\"{&quot;bt_bb_align_&quot;:{&quot;current_class&quot;:&quot;bt_bb_align_inherit&quot;,&quot;xl&quot;:&quot;inherit&quot;}}\"><span><img width=\"1280\" height=\"1280\" src=\"https:\/\/www.marixperience.com\/wp-content\/uploads\/2021\/11\/drzavni-1280x1280.jpg\" class=\"attachment-boldthemes_large_square size-boldthemes_large_square\" alt=\"https:\/\/www.marixperience.com\/wp-content\/uploads\/2021\/11\/drzavni-1280x1280.jpg\" loading=\"lazy\" data-full_image_src=\"https:\/\/www.marixperience.com\/wp-content\/uploads\/2021\/11\/drzavni.jpg\" title=\"drzavni\" srcset=\"https:\/\/www.marixperience.com\/wp-content\/uploads\/2021\/11\/drzavni-1280x1280.jpg 1280w, https:\/\/www.marixperience.com\/wp-content\/uploads\/2021\/11\/drzavni-160x160.jpg 160w, https:\/\/www.marixperience.com\/wp-content\/uploads\/2021\/11\/drzavni-320x320.jpg 320w, https:\/\/www.marixperience.com\/wp-content\/uploads\/2021\/11\/drzavni-640x640.jpg 640w\" sizes=\"(max-width: 1280px) 100vw, 1280px\" \/><\/span><\/div><\/div><\/div><\/div><div  class=\"bt_bb_column col-xl-1 bt_bb_align_left bt_bb_vertical_align_top bt_bb_padding_normal\"  data-width=\"1\" data-bt-override-class=\"{}\"><div class=\"bt_bb_column_content\"><div class=\"bt_bb_column_content_inner\"><\/div><\/div><\/div><div  class=\"bt_bb_column col-xl-6 bt_bb_align_left bt_bb_vertical_align_middle bt_bb_padding_20 bt_bb_animation_fade_in animate\" style=\"background-color:rgba(237,237,237,0);\" data-width=\"6\" data-bt-override-class=\"{&quot;bt_bb_align_&quot;:{&quot;current_class&quot;:&quot;bt_bb_align_left&quot;,&quot;xl&quot;:&quot;left&quot;}}\"><div class=\"bt_bb_column_content\"><div class=\"bt_bb_column_content_inner\"><div class=\"bt_bb_separator bt_bb_bottom_spacing_large bt_bb_border_style_none bt_bb_border_color_none bt_bb_hidden_md bt_bb_hidden_lg\"><\/div><header class=\"bt_bb_headline bt_bb_dash_none bt_bb_size_large bt_bb_supertitle_style_accent bt_bb_align_inherit\" data-bt-override-class=\"{&quot;bt_bb_size_&quot;:{&quot;current_class&quot;:&quot;bt_bb_size_large&quot;,&quot;xl&quot;:&quot;large&quot;},&quot;bt_bb_align_&quot;:{&quot;current_class&quot;:&quot;bt_bb_align_inherit&quot;,&quot;xl&quot;:&quot;inherit&quot;}}\"><h3 class=\"bt_bb_headline_tag\"><span class=\"bt_bb_headline_content\"><span>Planiranje i upravljanje u turisti\u010dkoj destinaciji<\/span><\/span><\/h3><\/header><div class=\"bt_bb_separator bt_bb_bottom_spacing_normal bt_bb_border_style_none bt_bb_border_color_none\"><\/div><div  class=\"bt_bb_row_inner\" ><div  class=\"bt_bb_column_inner col-xl-12 col-xs-12 col-sm-12 col-md-12 col-lg-12 bt_bb_align_left bt_bb_vertical_align_top\"  data-width=\"12\" data-bt-override-class=\"{}\"><div class=\"bt_bb_column_inner_content\"><div  class=\"bt_bb_text\" ><p>Na\u0161i klijenti i partneri:<\/p>\n<p><a href=\"http:\/\/kotor.travel\"><img loading=\"lazy\" class=\"alignleft wp-image-3518\" src=\"https:\/\/www.marixperience.com\/wp-content\/uploads\/2023\/02\/kotor.jpg\" alt=\"\" width=\"204\" height=\"149\" srcset=\"https:\/\/www.marixperience.com\/wp-content\/uploads\/2023\/02\/kotor.jpg 416w, https:\/\/www.marixperience.com\/wp-content\/uploads\/2023\/02\/kotor-320x234.jpg 320w\" sizes=\"(max-width: 204px) 100vw, 204px\" \/><\/a> <a href=\"https:\/\/www.gstcouncil.org\/\"><img loading=\"lazy\" class=\"alignnone wp-image-3878\" src=\"https:\/\/www.marixperience.com\/wp-content\/uploads\/2024\/12\/GSTC-Member-logo-transparent-640x719.png\" alt=\"\" width=\"122\" height=\"137\" srcset=\"https:\/\/www.marixperience.com\/wp-content\/uploads\/2024\/12\/GSTC-Member-logo-transparent-640x719.png 640w, https:\/\/www.marixperience.com\/wp-content\/uploads\/2024\/12\/GSTC-Member-logo-transparent-768x863.png 768w, https:\/\/www.marixperience.com\/wp-content\/uploads\/2024\/12\/GSTC-Member-logo-transparent-320x360.png 320w, https:\/\/www.marixperience.com\/wp-content\/uploads\/2024\/12\/GSTC-Member-logo-transparent.png 1153w\" sizes=\"(max-width: 122px) 100vw, 122px\" \/><\/a> \u00a0 <a href=\"http:\/\/https:\/\/www.morskodobro.me\/\">\u00a0<\/a> \u00a0<a href=\"http:\/\/https:\/\/www.ucm.es\/geoturis\/transformaciones-del-paisaje-urbano-historico-inducidas-por-el-turismo-contradicciones-y-controversias,-gobierno-y-gobernanza\"><img loading=\"lazy\" class=\"alignnone wp-image-3591\" src=\"https:\/\/www.marixperience.com\/wp-content\/uploads\/2023\/05\/madrii.png\" alt=\"\" width=\"128\" height=\"141\" srcset=\"https:\/\/www.marixperience.com\/wp-content\/uploads\/2023\/05\/madrii.png 444w, https:\/\/www.marixperience.com\/wp-content\/uploads\/2023\/05\/madrii-320x355.png 320w\" sizes=\"(max-width: 128px) 100vw, 128px\" \/><\/a> \u00a0<a href=\"http:\/\/https:\/\/budva.me\/\"><img loading=\"lazy\" class=\"alignnone wp-image-3594\" src=\"https:\/\/www.marixperience.com\/wp-content\/uploads\/2023\/05\/opstina-budva-640x520.png\" alt=\"\" width=\"170\" height=\"139\" srcset=\"https:\/\/www.marixperience.com\/wp-content\/uploads\/2023\/05\/opstina-budva-640x520.png 640w, https:\/\/www.marixperience.com\/wp-content\/uploads\/2023\/05\/opstina-budva-768x624.png 768w, https:\/\/www.marixperience.com\/wp-content\/uploads\/2023\/05\/opstina-budva-320x260.png 320w, https:\/\/www.marixperience.com\/wp-content\/uploads\/2023\/05\/opstina-budva.png 920w\" sizes=\"(max-width: 170px) 100vw, 170px\" \/><\/a><\/p>\n<p><a href=\"http:\/\/https:\/\/www.morskodobro.me\/\"><img loading=\"lazy\" class=\"alignnone wp-image-3520\" src=\"https:\/\/www.marixperience.com\/wp-content\/uploads\/2023\/02\/md.png\" alt=\"\" width=\"224\" height=\"99\" \/><\/a>\u00a0 \u00a0 <a href=\"https:\/\/urbact.eu\/networks\/cities-after-dark\"><img loading=\"lazy\" class=\"alignnone wp-image-3721\" src=\"https:\/\/www.marixperience.com\/wp-content\/uploads\/2023\/12\/cad-640x640.jpg\" alt=\"\" width=\"161\" height=\"161\" srcset=\"https:\/\/www.marixperience.com\/wp-content\/uploads\/2023\/12\/cad-640x640.jpg 640w, https:\/\/www.marixperience.com\/wp-content\/uploads\/2023\/12\/cad-160x160.jpg 160w, https:\/\/www.marixperience.com\/wp-content\/uploads\/2023\/12\/cad-768x768.jpg 768w, https:\/\/www.marixperience.com\/wp-content\/uploads\/2023\/12\/cad-320x320.jpg 320w, https:\/\/www.marixperience.com\/wp-content\/uploads\/2023\/12\/cad.jpg 800w\" sizes=\"(max-width: 161px) 100vw, 161px\" \/><\/a><\/p>\n<p><a href=\"http:\/\/urbact.eu\"><img loading=\"lazy\" class=\"alignnone wp-image-3724 size-full\" src=\"https:\/\/www.marixperience.com\/wp-content\/uploads\/2023\/12\/urbact1.png\" alt=\"\" width=\"515\" height=\"132\" srcset=\"https:\/\/www.marixperience.com\/wp-content\/uploads\/2023\/12\/urbact1.png 515w, https:\/\/www.marixperience.com\/wp-content\/uploads\/2023\/12\/urbact1-320x82.png 320w\" sizes=\"(max-width: 515px) 100vw, 515px\" \/>\u00a0\u00a0<\/a><\/p>\n<p><a href=\"https:\/\/sustainable-tourism.interreg-euro-med.eu\/\"><img loading=\"lazy\" class=\"alignnone wp-image-3733\" src=\"https:\/\/www.marixperience.com\/wp-content\/uploads\/2024\/02\/mission4_horiz_rgb_en-01-1536x207-1-640x86.png\" alt=\"\" width=\"594\" height=\"80\" srcset=\"https:\/\/www.marixperience.com\/wp-content\/uploads\/2024\/02\/mission4_horiz_rgb_en-01-1536x207-1-640x86.png 640w, https:\/\/www.marixperience.com\/wp-content\/uploads\/2024\/02\/mission4_horiz_rgb_en-01-1536x207-1-1280x173.png 1280w, https:\/\/www.marixperience.com\/wp-content\/uploads\/2024\/02\/mission4_horiz_rgb_en-01-1536x207-1-768x104.png 768w, https:\/\/www.marixperience.com\/wp-content\/uploads\/2024\/02\/mission4_horiz_rgb_en-01-1536x207-1-320x43.png 320w, https:\/\/www.marixperience.com\/wp-content\/uploads\/2024\/02\/mission4_horiz_rgb_en-01-1536x207-1.png 1536w\" sizes=\"(max-width: 594px) 100vw, 594px\" \/> <\/a><\/p>\n<p><a href=\"https:\/\/coolnoons.interreg-euro-med.eu\/\"><img loading=\"lazy\" class=\"alignnone wp-image-3903\" src=\"https:\/\/www.marixperience.com\/wp-content\/uploads\/2024\/12\/IMG_2338-640x160.jpg\" alt=\"\" width=\"556\" height=\"139\" srcset=\"https:\/\/www.marixperience.com\/wp-content\/uploads\/2024\/12\/IMG_2338-640x160.jpg 640w, https:\/\/www.marixperience.com\/wp-content\/uploads\/2024\/12\/IMG_2338-1280x320.jpg 1280w, https:\/\/www.marixperience.com\/wp-content\/uploads\/2024\/12\/IMG_2338-768x192.jpg 768w, https:\/\/www.marixperience.com\/wp-content\/uploads\/2024\/12\/IMG_2338-1536x384.jpg 1536w, https:\/\/www.marixperience.com\/wp-content\/uploads\/2024\/12\/IMG_2338-2048x512.jpg 2048w, https:\/\/www.marixperience.com\/wp-content\/uploads\/2024\/12\/IMG_2338-320x80.jpg 320w\" sizes=\"(max-width: 556px) 100vw, 556px\" \/><\/a><\/p>\n<p><a href=\"https:\/\/westmed-initiative.ec.europa.eu\/sustainable-tourism\/\"><img loading=\"lazy\" class=\"alignnone wp-image-3910\" src=\"https:\/\/www.marixperience.com\/wp-content\/uploads\/2024\/12\/WestMED.Tourism.logowhite.bgv5_-640x161.png\" alt=\"\" width=\"557\" height=\"140\" srcset=\"https:\/\/www.marixperience.com\/wp-content\/uploads\/2024\/12\/WestMED.Tourism.logowhite.bgv5_-640x161.png 640w, https:\/\/www.marixperience.com\/wp-content\/uploads\/2024\/12\/WestMED.Tourism.logowhite.bgv5_-768x193.png 768w, https:\/\/www.marixperience.com\/wp-content\/uploads\/2024\/12\/WestMED.Tourism.logowhite.bgv5_-320x80.png 320w, https:\/\/www.marixperience.com\/wp-content\/uploads\/2024\/12\/WestMED.Tourism.logowhite.bgv5_.png 929w\" sizes=\"(max-width: 557px) 100vw, 557px\" \/><\/a><\/p>\n<p><a href=\"https:\/\/www.italy-albania-montenegro.eu\/\"><img loading=\"lazy\" class=\"alignnone size-full wp-image-4124\" src=\"https:\/\/www.marixperience.com\/wp-content\/uploads\/2025\/08\/logo_southadriatic.png\" alt=\"\" width=\"411\" height=\"93\" srcset=\"https:\/\/www.marixperience.com\/wp-content\/uploads\/2025\/08\/logo_southadriatic.png 411w, https:\/\/www.marixperience.com\/wp-content\/uploads\/2025\/08\/logo_southadriatic-320x72.png 320w\" sizes=\"(max-width: 411px) 100vw, 411px\" \/>\u00a0\u00a0<\/a><\/p>\n<p><a href=\"https:\/\/labma.ucg.ac.me\/projects\/wrecks4all-2-0\/\"><img loading=\"lazy\" class=\"alignnone size-full wp-image-4127\" src=\"https:\/\/www.marixperience.com\/wp-content\/uploads\/2025\/08\/Screenshot-2025-08-13-134826.png\" alt=\"\" width=\"264\" height=\"96\" \/><\/a><\/p>\n<p>Poma\u017eemo dr\u017eavni, lokalni ali i me\u0111unarodni sektor u upravljanju i izradi stru\u010dnih strate\u0161kih planova i programa odr\u017eivog razvoja turizma u makro i mikro destinacijama.<\/p>\n<p>Strate\u0161ko planiranje koje favorizuje procese odr\u017eivog lokalnog razvoja i dru\u0161tvenog osna\u017eivanja, podr\u017eano turizmom kao dinami\u010dnom aktivno\u0161c\u0301u.<br \/>\nTurizam je multidisciplinarna aktivnost koja ima veoma va\u017enu teritorijalnu dimenziju. Destinacije, sa svojim resursima, su baza sistema u kom imaju pozitivne i negativne uticaje razvoja turisti\u010dke aktivnosti. Iz tog razloga, destinacija, osim poslovne aktivnosti procesa posredovanja (agencije, turoperatori, transport) i procesa vezanih za pru\u017eanje usluga u destinaciji (smje\u0161taj, restorani, pla\u017ee, receptivne firme, itd.), uspjeh turizma zavisi u zna\u010dajnoj mjeri od pravilnog planiranja i upravljanja turisti\u010dkom aktivno\u0161\u0107u na prostoru gdje se ona odvija.<\/p>\n<ul>\n<li>Izrada strate\u0161kih planova u turizmu.<\/li>\n<li>Identifikacija turisti\u010dkih poslovnih moguc\u0301nosti.<\/li>\n<li>Izrada planova za stimulisanje turisti\u010dkog proizvoda i turisti\u010dke konkurentnosti.<\/li>\n<li>Ekoturisti\u010dki projekti: Analiza ekoturisti\u010dkog potencijala destinacije, dizajn i konceptualizacija ekoturisti\u010dkog proizvoda, ekolo\u0161ka interpretacija, inventari flore i faune itd.<\/li>\n<li>Kreiranje i dizajn turisti\u010dkih proizvoda.<\/li>\n<li>Strate\u0161ko planiranje turisti\u010dkog razvoja.<\/li>\n<li>Redizajn postojec\u0301ih turisti\u010dkih proizvoda.<\/li>\n<li>Istra\u017eivanje ponude i potra\u017enje u turizmu.<\/li>\n<li>Inventarizacija, evaluacija i katalogizacija turisti\u010dkih resursa.<\/li>\n<li>Pametni gradovi.<\/li>\n<li>Kreativni gradovi.<\/li>\n<li>Evropski projekti za odr\u017eivi turizam.<\/li>\n<\/ul>\n<\/div><div class=\"bt_bb_separator bt_bb_bottom_spacing_15 bt_bb_border_style_none bt_bb_border_color_none\"><\/div><\/div><\/div><\/div><div class=\"bt_bb_separator bt_bb_bottom_spacing_medium bt_bb_border_style_none bt_bb_border_color_none bt_bb_hidden_md bt_bb_hidden_lg\"><\/div><\/div><\/div><\/div><\/div><\/div><\/div><\/div><\/div><\/section><\/div>","protected":false},"excerpt":{"rendered":"","protected":false},"author":1,"featured_media":0,"parent":0,"menu_order":0,"comment_status":"closed","ping_status":"closed","template":"","meta":[],"_links":{"self":[{"href":"https:\/\/www.marixperience.com\/me\/wp-json\/wp\/v2\/pages\/3021"}],"collection":[{"href":"https:\/\/www.marixperience.com\/me\/wp-json\/wp\/v2\/pages"}],"about":[{"href":"https:\/\/www.marixperience.com\/me\/wp-json\/wp\/v2\/types\/page"}],"author":[{"embeddable":true,"href":"https:\/\/www.marixperience.com\/me\/wp-json\/wp\/v2\/users\/1"}],"replies":[{"embeddable":true,"href":"https:\/\/www.marixperience.com\/me\/wp-json\/wp\/v2\/comments?post=3021"}],"version-history":[{"count":41,"href":"https:\/\/www.marixperience.com\/me\/wp-json\/wp\/v2\/pages\/3021\/revisions"}],"predecessor-version":[{"id":4129,"href":"https:\/\/www.marixperience.com\/me\/wp-json\/wp\/v2\/pages\/3021\/revisions\/4129"}],"wp:attachment":[{"href":"https:\/\/www.marixperience.com\/me\/wp-json\/wp\/v2\/media?parent=3021"}],"curies":[{"name":"wp","href":"https:\/\/api.w.org\/{rel}","templated":true}]}}