{"id":2923,"date":"2021-11-06T21:30:31","date_gmt":"2021-11-06T21:30:31","guid":{"rendered":"https:\/\/www.marixperience.com\/about-us\/"},"modified":"2024-12-20T14:00:19","modified_gmt":"2024-12-20T14:00:19","slug":"o-nama","status":"publish","type":"page","link":"https:\/\/www.marixperience.com\/me\/o-nama\/","title":{"rendered":"O nama"},"content":{"rendered":"<div class=\"bt_bb_wrapper\"><section id=\"bt_bb_section69f1893ab53e9\" data-parallax=\"0.6\" data-parallax-offset=\"0\" class=\"bt_bb_section bt_bb_top_spacing_large bt_bb_bottom_spacing_large bt_bb_color_scheme_1 bt_bb_layout_boxed_1200 bt_bb_vertical_align_top bt_bb_background_image bt_bb_parallax\" style=\"background-image:url(&#039;https:\/\/www.marixperience.com\/wp-content\/uploads\/2021\/11\/shutterstock_313785899.jpg&#039;);\"><div class=\"bt_bb_port\"><div class=\"bt_bb_cell\"><div class=\"bt_bb_cell_inner\"><div class=\"bt_bb_row_wrapper\"><div  class=\"bt_bb_row bt_bb_column_gap_40 bt_bb_animation_no_animation animate\" ><div  class=\"bt_bb_column col-xl-12 col-xs-12 col-sm-12 col-md-12 col-lg-12 bt_bb_align_center bt_bb_vertical_align_middle bt_bb_padding_normal bt_bb_animation_fade_in animate\"  data-width=\"12\" data-bt-override-class=\"{}\"><div class=\"bt_bb_column_content\"><div class=\"bt_bb_column_content_inner\"><div class=\"bt_bb_separator bt_bb_bottom_spacing_medium bt_bb_border_style_none bt_bb_border_color_none\"><\/div><header class=\"bt_bb_headline bt_bb_dash_none bt_bb_size_huge bt_bb_align_inherit\" data-bt-override-class=\"{&quot;bt_bb_size_&quot;:{&quot;current_class&quot;:&quot;bt_bb_size_huge&quot;,&quot;xl&quot;:&quot;huge&quot;},&quot;bt_bb_align_&quot;:{&quot;current_class&quot;:&quot;bt_bb_align_inherit&quot;,&quot;xl&quot;:&quot;inherit&quot;}}\"><h1 class=\"bt_bb_headline_tag\"><span class=\"bt_bb_headline_content\"><span>O nama<\/span><\/span><\/h1><\/header><div class=\"bt_bb_separator bt_bb_bottom_spacing_small bt_bb_border_style_none bt_bb_border_color_none\"><\/div><\/div><\/div><\/div><\/div><\/div><\/div><\/div><\/div><\/section><section id=\"bt_bb_section69f1893ab562c\"  class=\"bt_bb_section bt_bb_color_scheme_15 bt_bb_layout_wide bt_bb_vertical_align_top\" style=\";background-color:rgb(255,255,255);\"><div class=\"bt_bb_port\"><div class=\"bt_bb_cell\"><div class=\"bt_bb_cell_inner\"><div class=\"bt_bb_row_wrapper bt_bb_row_width_boxed_1200 bt_bb_row_push_left bt_bb_content_wide\"><div  class=\"bt_bb_row bt_bb_column_gap_0 bt_bb_animation_no_animation animate\" style=\" background-color: rgba(244, 247, 246, 1);\"><div  class=\"bt_bb_column col-xl-5 bt_bb_align_left bt_bb_vertical_align_top bt_bb_padding_normal bt_bb_animation_fade_in animate\"  data-width=\"5\" data-bt-override-class=\"{}\"><div class=\"bt_bb_column_content\"><div class=\"bt_bb_column_content_inner\"><div class=\"bt_bb_image bt_bb_shape_square bt_bb_align_inherit bt_bb_hover_style_simple bt_bb_content_display_always bt_bb_content_align_middle\" data-bt-override-class=\"{&quot;bt_bb_align_&quot;:{&quot;current_class&quot;:&quot;bt_bb_align_inherit&quot;,&quot;xl&quot;:&quot;inherit&quot;}}\"><span><img width=\"1280\" height=\"1200\" src=\"https:\/\/www.marixperience.com\/wp-content\/uploads\/2021\/11\/shutterstock_1931518415.jpg\" class=\"attachment-boldthemes_large_square size-boldthemes_large_square\" alt=\"https:\/\/www.marixperience.com\/wp-content\/uploads\/2021\/11\/shutterstock_1931518415.jpg\" loading=\"lazy\" data-full_image_src=\"https:\/\/www.marixperience.com\/wp-content\/uploads\/2021\/11\/shutterstock_1931518415.jpg\" title=\"shutterstock_1931518415\" srcset=\"https:\/\/www.marixperience.com\/wp-content\/uploads\/2021\/11\/shutterstock_1931518415.jpg 1280w, https:\/\/www.marixperience.com\/wp-content\/uploads\/2021\/11\/shutterstock_1931518415-640x600.jpg 640w, https:\/\/www.marixperience.com\/wp-content\/uploads\/2021\/11\/shutterstock_1931518415-768x720.jpg 768w, https:\/\/www.marixperience.com\/wp-content\/uploads\/2021\/11\/shutterstock_1931518415-320x300.jpg 320w\" sizes=\"(max-width: 1280px) 100vw, 1280px\" \/><\/span><\/div><\/div><\/div><\/div><div  class=\"bt_bb_column col-xl-1 bt_bb_align_left bt_bb_vertical_align_top bt_bb_padding_normal\"  data-width=\"1\" data-bt-override-class=\"{}\"><div class=\"bt_bb_column_content\"><div class=\"bt_bb_column_content_inner\"><\/div><\/div><\/div><div  class=\"bt_bb_column col-xl-6 bt_bb_align_left bt_bb_vertical_align_middle bt_bb_padding_20 bt_bb_animation_fade_in animate\" style=\"background-color:rgba(237,237,237,0);\" data-width=\"6\" data-bt-override-class=\"{&quot;bt_bb_align_&quot;:{&quot;current_class&quot;:&quot;bt_bb_align_left&quot;,&quot;xl&quot;:&quot;left&quot;}}\"><div class=\"bt_bb_column_content\"><div class=\"bt_bb_column_content_inner\"><div class=\"bt_bb_separator bt_bb_bottom_spacing_large bt_bb_border_style_none bt_bb_border_color_none bt_bb_hidden_md bt_bb_hidden_lg\"><\/div><header class=\"bt_bb_headline bt_bb_dash_none bt_bb_size_large bt_bb_supertitle_style_accent bt_bb_align_inherit\" data-bt-override-class=\"{&quot;bt_bb_size_&quot;:{&quot;current_class&quot;:&quot;bt_bb_size_large&quot;,&quot;xl&quot;:&quot;large&quot;},&quot;bt_bb_align_&quot;:{&quot;current_class&quot;:&quot;bt_bb_align_inherit&quot;,&quot;xl&quot;:&quot;inherit&quot;}}\"><h3 class=\"bt_bb_headline_tag\"><span class=\"bt_bb_headline_content\"><span>KO SMO<\/span><\/span><\/h3><\/header><div class=\"bt_bb_separator bt_bb_bottom_spacing_normal bt_bb_border_style_none bt_bb_border_color_none\"><\/div><div  class=\"bt_bb_row_inner\" ><div  class=\"bt_bb_column_inner col-xl-12 col-xs-12 col-sm-12 col-md-12 col-lg-12 bt_bb_align_left bt_bb_vertical_align_top\"  data-width=\"12\" data-bt-override-class=\"{}\"><div class=\"bt_bb_column_inner_content\"><div  class=\"bt_bb_text\" ><p>MariXperience d.o.o. je prva konsultantska firma u Crnoj Gori posvec\u0301ena odr\u017eivom razvoju turizma. Specijalizovani smo za oblikovanje buduc\u0301nosti turizma kroz strate\u0161ko planiranje i upravljanje destinacijom, obezbje\u0111ujuc\u0301i dugoro\u010dnu ekolo\u0161ku, dru\u0161tvenu i ekonomsku odr\u017eivost. Na\u0161e usluge uklju\u010duju prilago\u0111ene radionice i mentorstva koja osna\u017euju lokalne zainteresovane strane, podsti\u010duc\u0301i odgovorne turisti\u010dke prakse \u0161irom regiona. Sa dubokom posvec\u0301eno\u0161c\u0301u o\u010duvanju prirodnog i kulturnog naslije\u0111a Crne Gore, tako\u0111e vodimo inicijative u projektima koje finansira EU, podsti\u010duc\u0301i inovacije i saradnju u sektoru. MariXperience stoji kao partner od povjerenja za javna i privatna lica, isporu\u010dujuc\u0301i rje\u0161enja koja balansiraju rast i odr\u017eivost, oblikujuc\u0301i crnogorski turisti\u010dki pejza\u017e za buduc\u0301e generacije.<\/p>\n<\/div><div class=\"bt_bb_separator bt_bb_bottom_spacing_15 bt_bb_border_style_none bt_bb_border_color_none\"><\/div><\/div><\/div><\/div><div class=\"bt_bb_separator bt_bb_bottom_spacing_medium bt_bb_border_style_none bt_bb_border_color_none bt_bb_hidden_md bt_bb_hidden_lg\"><\/div><\/div><\/div><\/div><\/div><\/div><div class=\"bt_bb_row_wrapper bt_bb_row_width_boxed_1200 bt_bb_row_push_right bt_bb_content_wide\"><div  class=\"bt_bb_row bt_bb_column_gap_0 bt_bb_animation_no_animation animate\" ><div  class=\"bt_bb_column col-xl-6 bt_bb_align_left bt_bb_vertical_align_middle bt_bb_padding_20 bt_bb_animation_fade_in animate\"  data-width=\"6\" data-bt-override-class=\"{}\"><div class=\"bt_bb_column_content\"><div class=\"bt_bb_column_content_inner\"><div class=\"bt_bb_separator bt_bb_bottom_spacing_large bt_bb_border_style_none bt_bb_border_color_none bt_bb_hidden_md bt_bb_hidden_lg\"><\/div><header class=\"bt_bb_headline bt_bb_dash_none bt_bb_size_large bt_bb_supertitle_style_accent bt_bb_align_inherit\" data-bt-override-class=\"{&quot;bt_bb_size_&quot;:{&quot;current_class&quot;:&quot;bt_bb_size_large&quot;,&quot;xl&quot;:&quot;large&quot;},&quot;bt_bb_align_&quot;:{&quot;current_class&quot;:&quot;bt_bb_align_inherit&quot;,&quot;xl&quot;:&quot;inherit&quot;}}\"><h3 class=\"bt_bb_headline_tag\"><span class=\"bt_bb_headline_content\"><span>NA\u0160A MISIJA<\/span><\/span><\/h3><\/header><div class=\"bt_bb_separator bt_bb_bottom_spacing_normal bt_bb_border_style_none bt_bb_border_color_none\"><\/div><div  class=\"bt_bb_row_inner\" ><div  class=\"bt_bb_column_inner col-xl-12 col-xs-12 col-sm-12 col-md-12 col-lg-12 bt_bb_align_left bt_bb_vertical_align_top\"  data-width=\"12\" data-bt-override-class=\"{}\"><div class=\"bt_bb_column_inner_content\"><div  class=\"bt_bb_text\" ><div class=\"bt_bb_row_inner\" data-structure=\"12\">\n<div class=\"bt_bb_column_inner col-xl-12 col-xs-12 col-sm-12 col-md-12 col-lg-12 bt_bb_align_left bt_bb_vertical_align_top\" data-width=\"12\" data-bt-override-class=\"{}\">\n<div class=\"bt_bb_column_inner_content\">\n<div class=\"bt_bb_text\">\n<p>Pru\u017eiti stru\u010dne savjete privatnom, dr\u017eavnom i me\u0111unarodnom turisti\u010dkom sektoru zajednice o tome kako najbolje pobolj\u0161ati poslovanje, izgraditi nove vrijednosti, uspostaviti transparentnost i odgovornost; dok u isto vrijeme osna\u017eujemo ljude da postanu agenti promjena.<\/p>\n<\/div>\n<\/div>\n<\/div>\n<\/div>\n<header class=\"bt_bb_headline bt_bb_dash_none btNoHeadline bt_bb_supertitle_style_accent bt_bb_subheadline bt_bb_size_large bt_bb_align_inherit\" data-bt-override-class=\"{&quot;bt_bb_size_&quot;:{&quot;current_class&quot;:&quot;bt_bb_size_large&quot;,&quot;xl&quot;:&quot;large&quot;},&quot;bt_bb_align_&quot;:{&quot;current_class&quot;:&quot;bt_bb_align_inherit&quot;,&quot;xl&quot;:&quot;inherit&quot;}}\"><\/header>\n<\/div><div class=\"bt_bb_separator bt_bb_bottom_spacing_15 bt_bb_border_style_none bt_bb_border_color_none\"><\/div><\/div><\/div><\/div><div class=\"bt_bb_separator bt_bb_bottom_spacing_medium bt_bb_border_style_none bt_bb_border_color_none bt_bb_hidden_md bt_bb_hidden_lg\"><\/div><\/div><\/div><\/div><div  class=\"bt_bb_column col-xl-1 bt_bb_align_left bt_bb_vertical_align_top bt_bb_padding_normal\"  data-width=\"1\" data-bt-override-class=\"{}\"><div class=\"bt_bb_column_content\"><div class=\"bt_bb_column_content_inner\"><\/div><\/div><\/div><div  class=\"bt_bb_column col-xl-5 bt_bb_align_left bt_bb_vertical_align_top bt_bb_padding_normal bt_bb_animation_fade_in animate\"  data-width=\"5\" data-bt-override-class=\"{}\"><div class=\"bt_bb_column_content\"><div class=\"bt_bb_column_content_inner\"><div class=\"bt_bb_image bt_bb_shape_square bt_bb_align_inherit bt_bb_hover_style_simple bt_bb_content_display_always bt_bb_content_align_middle\" data-bt-override-class=\"{&quot;bt_bb_align_&quot;:{&quot;current_class&quot;:&quot;bt_bb_align_inherit&quot;,&quot;xl&quot;:&quot;inherit&quot;}}\"><span><img width=\"1280\" height=\"1280\" src=\"https:\/\/www.marixperience.com\/wp-content\/uploads\/2021\/11\/0111-1280x1280.jpg\" class=\"attachment-boldthemes_large_square size-boldthemes_large_square\" alt=\"https:\/\/www.marixperience.com\/wp-content\/uploads\/2021\/11\/0111-1280x1280.jpg\" loading=\"lazy\" data-full_image_src=\"https:\/\/www.marixperience.com\/wp-content\/uploads\/2021\/11\/0111.jpg\" title=\"0111\" srcset=\"https:\/\/www.marixperience.com\/wp-content\/uploads\/2021\/11\/0111-1280x1280.jpg 1280w, https:\/\/www.marixperience.com\/wp-content\/uploads\/2021\/11\/0111-160x160.jpg 160w, https:\/\/www.marixperience.com\/wp-content\/uploads\/2021\/11\/0111-320x320.jpg 320w, https:\/\/www.marixperience.com\/wp-content\/uploads\/2021\/11\/0111-640x640.jpg 640w\" sizes=\"(max-width: 1280px) 100vw, 1280px\" \/><\/span><\/div><\/div><\/div><\/div><\/div><\/div><div class=\"bt_bb_row_wrapper bt_bb_row_width_boxed_1200 bt_bb_row_push_left bt_bb_content_wide\"><div  class=\"bt_bb_row bt_bb_column_gap_0 bt_bb_animation_no_animation animate\" style=\"background-color:rgb(244,247,246);\"><div  class=\"bt_bb_column col-xl-5 bt_bb_align_left bt_bb_vertical_align_top bt_bb_padding_normal bt_bb_animation_fade_in animate\"  data-width=\"5\" data-bt-override-class=\"{}\"><div class=\"bt_bb_column_content\"><div class=\"bt_bb_column_content_inner\"><div class=\"bt_bb_image bt_bb_shape_square bt_bb_align_inherit bt_bb_hover_style_simple bt_bb_content_display_always bt_bb_content_align_middle\" data-bt-override-class=\"{&quot;bt_bb_align_&quot;:{&quot;current_class&quot;:&quot;bt_bb_align_inherit&quot;,&quot;xl&quot;:&quot;inherit&quot;}}\"><span><img width=\"1280\" height=\"1280\" src=\"https:\/\/www.marixperience.com\/wp-content\/uploads\/2021\/11\/0222-1280x1280.jpg\" class=\"attachment-boldthemes_large_square size-boldthemes_large_square\" alt=\"https:\/\/www.marixperience.com\/wp-content\/uploads\/2021\/11\/0222-1280x1280.jpg\" loading=\"lazy\" data-full_image_src=\"https:\/\/www.marixperience.com\/wp-content\/uploads\/2021\/11\/0222.jpg\" title=\"0222\" srcset=\"https:\/\/www.marixperience.com\/wp-content\/uploads\/2021\/11\/0222-1280x1280.jpg 1280w, https:\/\/www.marixperience.com\/wp-content\/uploads\/2021\/11\/0222-160x160.jpg 160w, https:\/\/www.marixperience.com\/wp-content\/uploads\/2021\/11\/0222-320x320.jpg 320w, https:\/\/www.marixperience.com\/wp-content\/uploads\/2021\/11\/0222-640x640.jpg 640w\" sizes=\"(max-width: 1280px) 100vw, 1280px\" \/><\/span><\/div><\/div><\/div><\/div><div  class=\"bt_bb_column col-xl-1 bt_bb_align_left bt_bb_vertical_align_top bt_bb_padding_normal\"  data-width=\"1\" data-bt-override-class=\"{}\"><div class=\"bt_bb_column_content\"><div class=\"bt_bb_column_content_inner\"><\/div><\/div><\/div><div  class=\"bt_bb_column col-xl-6 bt_bb_align_left bt_bb_vertical_align_middle bt_bb_padding_20 bt_bb_animation_fade_in animate\" style=\"background-color:rgba(237,237,237,0);\" data-width=\"6\" data-bt-override-class=\"{&quot;bt_bb_align_&quot;:{&quot;current_class&quot;:&quot;bt_bb_align_left&quot;,&quot;xl&quot;:&quot;left&quot;}}\"><div class=\"bt_bb_column_content\"><div class=\"bt_bb_column_content_inner\"><div class=\"bt_bb_separator bt_bb_bottom_spacing_large bt_bb_border_style_none bt_bb_border_color_none bt_bb_hidden_md bt_bb_hidden_lg\"><\/div><header class=\"bt_bb_headline bt_bb_dash_none bt_bb_size_large bt_bb_supertitle_style_accent bt_bb_align_inherit\" data-bt-override-class=\"{&quot;bt_bb_size_&quot;:{&quot;current_class&quot;:&quot;bt_bb_size_large&quot;,&quot;xl&quot;:&quot;large&quot;},&quot;bt_bb_align_&quot;:{&quot;current_class&quot;:&quot;bt_bb_align_inherit&quot;,&quot;xl&quot;:&quot;inherit&quot;}}\"><h3 class=\"bt_bb_headline_tag\"><span class=\"bt_bb_headline_content\"><span>NA\u0160A VIZIJA<\/span><\/span><\/h3><\/header><div class=\"bt_bb_separator bt_bb_bottom_spacing_normal bt_bb_border_style_none bt_bb_border_color_none\"><\/div><div  class=\"bt_bb_row_inner\" ><div  class=\"bt_bb_column_inner col-xl-12 col-xs-12 col-sm-12 col-md-12 col-lg-12 bt_bb_align_left bt_bb_vertical_align_top\"  data-width=\"12\" data-bt-override-class=\"{}\"><div class=\"bt_bb_column_inner_content\"><div  class=\"bt_bb_text\" ><div class=\"bt_bb_text\">\n<p>Da budemo cijenjeni partner na\u0161im klijentima i podr\u0161ka na\u0161oj zajednici. Preduzec\u0301emo i dovesti do kraja svaki projekat koji preuzmemo, a pru\u017eanjem diferencirane ponude postiza\u0107emo rezultate povrac\u0301aja vrijednosti za vrijednost, tj. `win-win` situaciju u kojoj smo na dobitku i na\u0161 klijent i mi. Posvec\u0301eni smo podsticanju odr\u017eivog i inkluzivnog razvoja lokalnog i regionalnog turizma uz unapre\u0111enje <strong>Ciljeva odr\u017eivog razvoja Ujedinjenih nacija (SDG)<\/strong>.<\/p>\n<\/div>\n<\/div><div class=\"bt_bb_separator bt_bb_bottom_spacing_15 bt_bb_border_style_none bt_bb_border_color_none\"><\/div><\/div><\/div><\/div><div class=\"bt_bb_separator bt_bb_bottom_spacing_medium bt_bb_border_style_none bt_bb_border_color_none bt_bb_hidden_md bt_bb_hidden_lg\"><\/div><\/div><\/div><\/div><\/div><\/div><div class=\"bt_bb_row_wrapper bt_bb_row_width_boxed_1200 bt_bb_row_push_right bt_bb_content_wide\"><div  class=\"bt_bb_row bt_bb_column_gap_0 bt_bb_animation_no_animation animate\" ><div  class=\"bt_bb_column col-xl-6 bt_bb_align_left bt_bb_vertical_align_middle bt_bb_padding_20 bt_bb_animation_fade_in animate\"  data-width=\"6\" data-bt-override-class=\"{}\"><div class=\"bt_bb_column_content\"><div class=\"bt_bb_column_content_inner\"><div class=\"bt_bb_separator bt_bb_bottom_spacing_large bt_bb_border_style_none bt_bb_border_color_none bt_bb_hidden_md bt_bb_hidden_lg\"><\/div><header class=\"bt_bb_headline bt_bb_dash_none bt_bb_size_large bt_bb_supertitle_style_accent bt_bb_align_inherit\" data-bt-override-class=\"{&quot;bt_bb_size_&quot;:{&quot;current_class&quot;:&quot;bt_bb_size_large&quot;,&quot;xl&quot;:&quot;large&quot;},&quot;bt_bb_align_&quot;:{&quot;current_class&quot;:&quot;bt_bb_align_inherit&quot;,&quot;xl&quot;:&quot;inherit&quot;}}\"><h3 class=\"bt_bb_headline_tag\"><span class=\"bt_bb_headline_content\"><span>NA\u0160E OSNOVNE VRIJEDNOSTI<\/span><\/span><\/h3><\/header><div class=\"bt_bb_separator bt_bb_bottom_spacing_normal bt_bb_border_style_none bt_bb_border_color_none\"><\/div><div  class=\"bt_bb_row_inner\" ><div  class=\"bt_bb_column_inner col-xl-12 col-xs-12 col-sm-12 col-md-12 col-lg-12 bt_bb_align_left bt_bb_vertical_align_top\"  data-width=\"12\" data-bt-override-class=\"{}\"><div class=\"bt_bb_column_inner_content\"><div  class=\"bt_bb_text\" ><div class=\"bt_bb_row_inner\" data-structure=\"12\">\n<div class=\"bt_bb_column_inner col-xl-12 col-xs-12 col-sm-12 col-md-12 col-lg-12 bt_bb_align_left bt_bb_vertical_align_top\" data-width=\"12\" data-bt-override-class=\"{}\">\n<div class=\"bt_bb_column_inner_content\">\n<div class=\"bt_bb_text\">\n<div class=\"bt_bb_text\">\n<p>Ne radi se samo o tome \u0161ta radimo, vec\u0301 i o tome kako to radimo.<\/p>\n<p>\u010cuvamo svoje vrijednosti i podr\u017eavamo svoja osnovna uvjerenja, usmjeravanjem i objedinjavanjem radnji, rije\u010di i pona\u0161anja.<\/p>\n<p>Posvec\u0301eni smo sprovo\u0111enju svih aspekata svojih aktivnosti u skladu sa va\u017eec\u0301im zakonima, pravilima i propisima i pridr\u017eavajuc\u0301i se najvi\u0161ih standarda poslovnog pona\u0161anja i etike.<\/p>\n<p>Posvec\u0301eni smo kvalitetu i uslugama, pru\u017eajuc\u0301i klijentima najbolje i sti\u010duc\u0301i povjerenje i osna\u017eujuc\u0301i promjene.<\/p>\n<\/div>\n<\/div>\n<\/div>\n<\/div>\n<\/div>\n<header class=\"bt_bb_headline bt_bb_dash_none btNoHeadline bt_bb_supertitle_style_accent bt_bb_subheadline bt_bb_size_large bt_bb_align_inherit\" data-bt-override-class=\"{&quot;bt_bb_size_&quot;:{&quot;current_class&quot;:&quot;bt_bb_size_large&quot;,&quot;xl&quot;:&quot;large&quot;},&quot;bt_bb_align_&quot;:{&quot;current_class&quot;:&quot;bt_bb_align_inherit&quot;,&quot;xl&quot;:&quot;inherit&quot;}}\"><\/header>\n<\/div><div class=\"bt_bb_separator bt_bb_bottom_spacing_15 bt_bb_border_style_none bt_bb_border_color_none\"><\/div><\/div><\/div><\/div><div class=\"bt_bb_separator bt_bb_bottom_spacing_medium bt_bb_border_style_none bt_bb_border_color_none bt_bb_hidden_md bt_bb_hidden_lg\"><\/div><\/div><\/div><\/div><div  class=\"bt_bb_column col-xl-1 bt_bb_align_left bt_bb_vertical_align_top bt_bb_padding_normal\"  data-width=\"1\" data-bt-override-class=\"{}\"><div class=\"bt_bb_column_content\"><div class=\"bt_bb_column_content_inner\"><\/div><\/div><\/div><div  class=\"bt_bb_column col-xl-5 bt_bb_align_left bt_bb_vertical_align_top bt_bb_padding_normal bt_bb_animation_fade_in animate\"  data-width=\"5\" data-bt-override-class=\"{}\"><div class=\"bt_bb_column_content\"><div class=\"bt_bb_column_content_inner\"><div class=\"bt_bb_image bt_bb_shape_square bt_bb_align_inherit bt_bb_hover_style_simple bt_bb_content_display_always bt_bb_content_align_middle\" data-bt-override-class=\"{&quot;bt_bb_align_&quot;:{&quot;current_class&quot;:&quot;bt_bb_align_inherit&quot;,&quot;xl&quot;:&quot;inherit&quot;}}\"><span><img width=\"1280\" height=\"1280\" src=\"https:\/\/www.marixperience.com\/wp-content\/uploads\/2021\/11\/03333-1280x1280.jpg\" class=\"attachment-boldthemes_large_square size-boldthemes_large_square\" alt=\"https:\/\/www.marixperience.com\/wp-content\/uploads\/2021\/11\/03333-1280x1280.jpg\" loading=\"lazy\" data-full_image_src=\"https:\/\/www.marixperience.com\/wp-content\/uploads\/2021\/11\/03333.jpg\" title=\"03333\" srcset=\"https:\/\/www.marixperience.com\/wp-content\/uploads\/2021\/11\/03333-1280x1280.jpg 1280w, https:\/\/www.marixperience.com\/wp-content\/uploads\/2021\/11\/03333-160x160.jpg 160w, https:\/\/www.marixperience.com\/wp-content\/uploads\/2021\/11\/03333-320x320.jpg 320w, https:\/\/www.marixperience.com\/wp-content\/uploads\/2021\/11\/03333-640x640.jpg 640w\" sizes=\"(max-width: 1280px) 100vw, 1280px\" \/><\/span><\/div><\/div><\/div><\/div><\/div><\/div><div class=\"bt_bb_row_wrapper\"><div  class=\"bt_bb_row\" ><div  class=\"bt_bb_column col-xl-12 col-xs-12 col-sm-12 col-md-12 col-lg-12 bt_bb_align_left bt_bb_vertical_align_top bt_bb_padding_normal\"  data-width=\"12\" data-bt-override-class=\"{}\"><div class=\"bt_bb_column_content\"><div class=\"bt_bb_column_content_inner\"><\/div><\/div><\/div><\/div><\/div><\/div><\/div><\/div><\/section><\/div>","protected":false},"excerpt":{"rendered":"","protected":false},"author":1,"featured_media":0,"parent":0,"menu_order":0,"comment_status":"closed","ping_status":"closed","template":"","meta":[],"_links":{"self":[{"href":"https:\/\/www.marixperience.com\/me\/wp-json\/wp\/v2\/pages\/2923"}],"collection":[{"href":"https:\/\/www.marixperience.com\/me\/wp-json\/wp\/v2\/pages"}],"about":[{"href":"https:\/\/www.marixperience.com\/me\/wp-json\/wp\/v2\/types\/page"}],"author":[{"embeddable":true,"href":"https:\/\/www.marixperience.com\/me\/wp-json\/wp\/v2\/users\/1"}],"replies":[{"embeddable":true,"href":"https:\/\/www.marixperience.com\/me\/wp-json\/wp\/v2\/comments?post=2923"}],"version-history":[{"count":19,"href":"https:\/\/www.marixperience.com\/me\/wp-json\/wp\/v2\/pages\/2923\/revisions"}],"predecessor-version":[{"id":3938,"href":"https:\/\/www.marixperience.com\/me\/wp-json\/wp\/v2\/pages\/2923\/revisions\/3938"}],"wp:attachment":[{"href":"https:\/\/www.marixperience.com\/me\/wp-json\/wp\/v2\/media?parent=2923"}],"curies":[{"name":"wp","href":"https:\/\/api.w.org\/{rel}","templated":true}]}}