{"id":2901,"date":"2021-11-06T21:27:53","date_gmt":"2021-11-06T21:27:53","guid":{"rendered":"https:\/\/www.marixperience.com\/private-sector\/"},"modified":"2023-02-05T09:42:31","modified_gmt":"2023-02-05T09:42:31","slug":"privatni-sektor","status":"publish","type":"page","link":"https:\/\/www.marixperience.com\/me\/privatni-sektor\/","title":{"rendered":"Privatni sektor"},"content":{"rendered":"<div class=\"bt_bb_wrapper\"><section id=\"bt_bb_section6a01aad1d60e6\" data-parallax=\"0.6\" data-parallax-offset=\"0\" class=\"bt_bb_section bt_bb_top_spacing_large bt_bb_bottom_spacing_large bt_bb_color_scheme_1 bt_bb_layout_boxed_1200 bt_bb_vertical_align_top bt_bb_background_image bt_bb_parallax\" style=\"background-image:url(&#039;https:\/\/www.marixperience.com\/wp-content\/uploads\/2021\/11\/shutterstock_313785899.jpg&#039;);\"><div class=\"bt_bb_port\"><div class=\"bt_bb_cell\"><div class=\"bt_bb_cell_inner\"><div class=\"bt_bb_row_wrapper\"><div  class=\"bt_bb_row bt_bb_column_gap_40 bt_bb_animation_no_animation animate\" ><div  class=\"bt_bb_column col-xl-12 col-xs-12 col-sm-12 col-md-12 col-lg-12 bt_bb_align_center bt_bb_vertical_align_middle bt_bb_padding_normal bt_bb_animation_fade_in animate\"  data-width=\"12\" data-bt-override-class=\"{&quot;bt_bb_align_&quot;:{&quot;current_class&quot;:&quot;bt_bb_align_center&quot;,&quot;xl&quot;:&quot;center&quot;}}\"><div class=\"bt_bb_column_content\"><div class=\"bt_bb_column_content_inner\"><div class=\"bt_bb_separator bt_bb_bottom_spacing_medium bt_bb_border_style_none bt_bb_border_color_none\"><\/div><header class=\"bt_bb_headline bt_bb_dash_none bt_bb_size_huge bt_bb_align_inherit\" data-bt-override-class=\"{&quot;bt_bb_size_&quot;:{&quot;current_class&quot;:&quot;bt_bb_size_huge&quot;,&quot;xl&quot;:&quot;huge&quot;},&quot;bt_bb_align_&quot;:{&quot;current_class&quot;:&quot;bt_bb_align_inherit&quot;,&quot;xl&quot;:&quot;inherit&quot;}}\"><h1 class=\"bt_bb_headline_tag\"><span class=\"bt_bb_headline_content\"><span>Privatni sektor<\/span><\/span><\/h1><\/header><div class=\"bt_bb_separator bt_bb_bottom_spacing_small bt_bb_border_style_none bt_bb_border_color_none\"><\/div><\/div><\/div><\/div><\/div><\/div><\/div><\/div><\/div><\/section><section id=\"bt_bb_section6a01aad1d63b5\"  class=\"bt_bb_section bt_bb_color_scheme_15 bt_bb_layout_wide bt_bb_vertical_align_top\" style=\";background-color:rgb(255,255,255);\"><div class=\"bt_bb_port\"><div class=\"bt_bb_cell\"><div class=\"bt_bb_cell_inner\"><div class=\"bt_bb_row_wrapper bt_bb_row_width_boxed_1200 bt_bb_row_push_left bt_bb_content_wide\"><div  class=\"bt_bb_row bt_bb_column_gap_0 bt_bb_animation_no_animation animate\" style=\"background-color:rgb(244,247,246);\"><div  class=\"bt_bb_column col-xl-5 bt_bb_align_left bt_bb_vertical_align_top bt_bb_padding_normal bt_bb_animation_fade_in animate\"  data-width=\"5\" data-bt-override-class=\"{}\"><div class=\"bt_bb_column_content\"><div class=\"bt_bb_column_content_inner\"><div class=\"bt_bb_image bt_bb_shape_square bt_bb_align_inherit bt_bb_hover_style_simple bt_bb_content_display_always bt_bb_content_align_middle\" data-bt-override-class=\"{&quot;bt_bb_align_&quot;:{&quot;current_class&quot;:&quot;bt_bb_align_inherit&quot;,&quot;xl&quot;:&quot;inherit&quot;}}\"><span><img width=\"1280\" height=\"1280\" src=\"https:\/\/www.marixperience.com\/wp-content\/uploads\/2023\/02\/bar-2-seats-1280x1280.jpg\" class=\"attachment-boldthemes_large_square size-boldthemes_large_square\" alt=\"https:\/\/www.marixperience.com\/wp-content\/uploads\/2023\/02\/bar-2-seats-1280x1280.jpg\" loading=\"lazy\" data-full_image_src=\"https:\/\/www.marixperience.com\/wp-content\/uploads\/2023\/02\/bar-2-seats-scaled.jpg\" title=\"bar 2 seats\" srcset=\"https:\/\/www.marixperience.com\/wp-content\/uploads\/2023\/02\/bar-2-seats-1280x1280.jpg 1280w, https:\/\/www.marixperience.com\/wp-content\/uploads\/2023\/02\/bar-2-seats-160x160.jpg 160w, https:\/\/www.marixperience.com\/wp-content\/uploads\/2023\/02\/bar-2-seats-320x320.jpg 320w, https:\/\/www.marixperience.com\/wp-content\/uploads\/2023\/02\/bar-2-seats-640x640.jpg 640w\" sizes=\"(max-width: 1280px) 100vw, 1280px\" \/><\/span><\/div><\/div><\/div><\/div><div  class=\"bt_bb_column col-xl-1 bt_bb_align_left bt_bb_vertical_align_top bt_bb_padding_normal\"  data-width=\"1\" data-bt-override-class=\"{}\"><div class=\"bt_bb_column_content\"><div class=\"bt_bb_column_content_inner\"><\/div><\/div><\/div><div  class=\"bt_bb_column col-xl-6 bt_bb_align_left bt_bb_vertical_align_middle bt_bb_padding_20 bt_bb_animation_fade_in animate\" style=\"background-color:rgba(237,237,237,0);\" data-width=\"6\" data-bt-override-class=\"{&quot;bt_bb_align_&quot;:{&quot;current_class&quot;:&quot;bt_bb_align_left&quot;,&quot;xl&quot;:&quot;left&quot;}}\"><div class=\"bt_bb_column_content\"><div class=\"bt_bb_column_content_inner\"><div class=\"bt_bb_separator bt_bb_bottom_spacing_large bt_bb_border_style_none bt_bb_border_color_none bt_bb_hidden_md bt_bb_hidden_lg\"><\/div><header class=\"bt_bb_headline bt_bb_dash_none bt_bb_size_large bt_bb_supertitle_style_accent bt_bb_subheadline bt_bb_align_inherit\" data-bt-override-class=\"{&quot;bt_bb_size_&quot;:{&quot;current_class&quot;:&quot;bt_bb_size_large&quot;,&quot;xl&quot;:&quot;large&quot;},&quot;bt_bb_align_&quot;:{&quot;current_class&quot;:&quot;bt_bb_align_inherit&quot;,&quot;xl&quot;:&quot;inherit&quot;}}\"><h3 class=\"bt_bb_headline_tag\"><span class=\"bt_bb_headline_content\"><span>Dizajn experience-a za goste<\/span><\/span><\/h3><div class=\"bt_bb_headline_subheadline\">Dizajn jedinstvenog experience-a za va\u0161e klijente\/goste.Napredak poslovanja na kreativan i inovativan nivo.<\/div><\/header><div class=\"bt_bb_separator bt_bb_bottom_spacing_normal bt_bb_border_style_none bt_bb_border_color_none\"><\/div><div  class=\"bt_bb_row_inner\" ><div  class=\"bt_bb_column_inner col-xl-12 col-xs-12 col-sm-12 col-md-12 col-lg-12 bt_bb_align_left bt_bb_vertical_align_top\"  data-width=\"12\" data-bt-override-class=\"{}\"><div class=\"bt_bb_column_inner_content\"><div  class=\"bt_bb_text\" ><p>Kompanije koje omoguc\u0301avaju transformacije (usluge\/proizvodi u iskustva) ne naplac\u0301uju samo vreme vec\u0301 i promene koje su rezultat toga iz tog vremena.<br \/>\nOni treba da naplac\u0301uju ciljeve kao iskustva, a ne samo sredstva koja menjaju \u017eivot ili menjaju iskustvo kompanije.<br \/>\nU MariXperience -u posebno izazivamo preduzec\u0301a u tri industrije: onima koje se fokusiraju na to da ljude u\u010dine zdravim, bogatim i mudrim.<\/p>\n<p>Nova era zahtijeva od pojedinaca i pojedina\u010dnih preduzec\u0301a da preduzmu mjere, da napuste stare paradigme industrijske i uslu\u017ene ekonomije kako bi uveli transformacije i nova iskustva.<\/p>\n<\/div><div class=\"bt_bb_separator bt_bb_bottom_spacing_15 bt_bb_border_style_none bt_bb_border_color_none\"><\/div><\/div><\/div><\/div><div class=\"bt_bb_separator bt_bb_bottom_spacing_medium bt_bb_border_style_none bt_bb_border_color_none bt_bb_hidden_md bt_bb_hidden_lg\"><\/div><\/div><\/div><\/div><\/div><\/div><div class=\"bt_bb_row_wrapper bt_bb_row_width_boxed_1200 bt_bb_row_push_right bt_bb_content_wide\"><div  class=\"bt_bb_row bt_bb_column_gap_0 bt_bb_animation_no_animation animate\" style=\"background-color:rgb(255,252,252);\"><div  class=\"bt_bb_column col-xl-6 bt_bb_align_left bt_bb_vertical_align_middle bt_bb_padding_20 bt_bb_animation_fade_in animate\" style=\"background-color:rgba(237,237,237,0);\" data-width=\"6\" data-bt-override-class=\"{&quot;bt_bb_align_&quot;:{&quot;current_class&quot;:&quot;bt_bb_align_left&quot;,&quot;xl&quot;:&quot;left&quot;}}\"><div class=\"bt_bb_column_content\"><div class=\"bt_bb_column_content_inner\"><div class=\"bt_bb_separator bt_bb_bottom_spacing_large bt_bb_border_style_none bt_bb_border_color_none bt_bb_hidden_md bt_bb_hidden_lg\"><\/div><header class=\"bt_bb_headline bt_bb_dash_none bt_bb_size_large bt_bb_supertitle_style_accent bt_bb_subheadline bt_bb_align_inherit\" data-bt-override-class=\"{&quot;bt_bb_size_&quot;:{&quot;current_class&quot;:&quot;bt_bb_size_large&quot;,&quot;xl&quot;:&quot;large&quot;},&quot;bt_bb_align_&quot;:{&quot;current_class&quot;:&quot;bt_bb_align_inherit&quot;,&quot;xl&quot;:&quot;inherit&quot;}}\"><h3 class=\"bt_bb_headline_tag\"><span class=\"bt_bb_headline_content\"><span>Kreativne solucije<\/span><\/span><\/h3><div class=\"bt_bb_headline_subheadline\">Rje\u0161avanje problema na kreativan na\u010din; svaki problem i svaka prepreka slu\u017ee kao \u0161ansa za inovativnost.<\/div><\/header><div class=\"bt_bb_separator bt_bb_bottom_spacing_normal bt_bb_border_style_none bt_bb_border_color_none\"><\/div><div  class=\"bt_bb_row_inner\" ><div  class=\"bt_bb_column_inner col-xl-12 col-xs-12 col-sm-12 col-md-12 col-lg-12 bt_bb_align_left bt_bb_vertical_align_top\"  data-width=\"12\" data-bt-override-class=\"{}\"><div class=\"bt_bb_column_inner_content\"><div  class=\"bt_bb_text\" ><p>Temelj rje\u0161avanja problema je te\u017enja ka razumijevanju &#8211; biti znati\u017eeljan\/a i preispitivati sve dok se ne postigne razumijevanje za\u0161to je ne\u0161to tako i kako funkcioni\u0161e. Kriti\u010dko mi\u0161ljenje je klju\u010dno, prihvatite takvo razmi\u0161ljanje i ne prihvatajte sve onako kako se \u010dini da je.<br \/>\nPonekad klju\u010d le\u017ei ba\u0161 u tome da sagledate problem iz drugog ugla, a tu vam zna\u010dajno mo\u017ee pomo\u0107i konsultant, kao neko nepristrasan i fokusiran ba\u0161 na to, da rije\u0161i problem koji imate.<\/p>\n<\/div><div class=\"bt_bb_separator bt_bb_bottom_spacing_15 bt_bb_border_style_none bt_bb_border_color_none\"><\/div><\/div><\/div><\/div><div class=\"bt_bb_separator bt_bb_bottom_spacing_medium bt_bb_border_style_none bt_bb_border_color_none bt_bb_hidden_md bt_bb_hidden_lg\"><\/div><\/div><\/div><\/div><div  class=\"bt_bb_column col-xl-1 bt_bb_align_left bt_bb_vertical_align_top bt_bb_padding_normal\"  data-width=\"1\" data-bt-override-class=\"{}\"><div class=\"bt_bb_column_content\"><div class=\"bt_bb_column_content_inner\"><\/div><\/div><\/div><div  class=\"bt_bb_column col-xl-5 bt_bb_align_left bt_bb_vertical_align_top bt_bb_padding_normal bt_bb_animation_fade_in animate\"  data-width=\"5\" data-bt-override-class=\"{}\"><div class=\"bt_bb_column_content\"><div class=\"bt_bb_column_content_inner\"><div class=\"bt_bb_image bt_bb_shape_square bt_bb_align_inherit bt_bb_hover_style_simple bt_bb_content_display_always bt_bb_content_align_middle\" data-bt-override-class=\"{&quot;bt_bb_align_&quot;:{&quot;current_class&quot;:&quot;bt_bb_align_inherit&quot;,&quot;xl&quot;:&quot;inherit&quot;}}\"><span><img width=\"1280\" height=\"1280\" src=\"https:\/\/www.marixperience.com\/wp-content\/uploads\/2021\/11\/shutterstock_1024674454-1280x1280.jpg\" class=\"attachment-boldthemes_large_square size-boldthemes_large_square\" alt=\"https:\/\/www.marixperience.com\/wp-content\/uploads\/2021\/11\/shutterstock_1024674454-1280x1280.jpg\" loading=\"lazy\" data-full_image_src=\"https:\/\/www.marixperience.com\/wp-content\/uploads\/2021\/11\/shutterstock_1024674454.jpg\" title=\"shutterstock_1024674454\" srcset=\"https:\/\/www.marixperience.com\/wp-content\/uploads\/2021\/11\/shutterstock_1024674454-1280x1280.jpg 1280w, https:\/\/www.marixperience.com\/wp-content\/uploads\/2021\/11\/shutterstock_1024674454-640x640.jpg 640w, https:\/\/www.marixperience.com\/wp-content\/uploads\/2021\/11\/shutterstock_1024674454-160x160.jpg 160w, https:\/\/www.marixperience.com\/wp-content\/uploads\/2021\/11\/shutterstock_1024674454-768x768.jpg 768w, https:\/\/www.marixperience.com\/wp-content\/uploads\/2021\/11\/shutterstock_1024674454-1536x1536.jpg 1536w, https:\/\/www.marixperience.com\/wp-content\/uploads\/2021\/11\/shutterstock_1024674454-320x320.jpg 320w, https:\/\/www.marixperience.com\/wp-content\/uploads\/2021\/11\/shutterstock_1024674454.jpg 1920w\" sizes=\"(max-width: 1280px) 100vw, 1280px\" \/><\/span><\/div><\/div><\/div><\/div><\/div><\/div><div class=\"bt_bb_row_wrapper bt_bb_row_width_boxed_1200 bt_bb_row_push_left bt_bb_content_wide\"><div  class=\"bt_bb_row bt_bb_column_gap_0 bt_bb_animation_no_animation animate\" style=\" background-color: rgba(244, 247, 246, 1);\"><div  class=\"bt_bb_column col-xl-5 bt_bb_align_left bt_bb_vertical_align_top bt_bb_padding_normal bt_bb_animation_fade_in animate\"  data-width=\"5\" data-bt-override-class=\"{}\"><div class=\"bt_bb_column_content\"><div class=\"bt_bb_column_content_inner\"><div class=\"bt_bb_image bt_bb_shape_square bt_bb_align_inherit bt_bb_hover_style_simple bt_bb_content_display_always bt_bb_content_align_middle\" data-bt-override-class=\"{&quot;bt_bb_align_&quot;:{&quot;current_class&quot;:&quot;bt_bb_align_inherit&quot;,&quot;xl&quot;:&quot;inherit&quot;}}\"><span><img width=\"1280\" height=\"1200\" src=\"https:\/\/www.marixperience.com\/wp-content\/uploads\/2021\/11\/iso.jpg\" class=\"attachment-boldthemes_large_square size-boldthemes_large_square\" alt=\"https:\/\/www.marixperience.com\/wp-content\/uploads\/2021\/11\/iso.jpg\" loading=\"lazy\" data-full_image_src=\"https:\/\/www.marixperience.com\/wp-content\/uploads\/2021\/11\/iso.jpg\" title=\"iso\" srcset=\"https:\/\/www.marixperience.com\/wp-content\/uploads\/2021\/11\/iso.jpg 1280w, https:\/\/www.marixperience.com\/wp-content\/uploads\/2021\/11\/iso-640x600.jpg 640w, https:\/\/www.marixperience.com\/wp-content\/uploads\/2021\/11\/iso-768x720.jpg 768w, https:\/\/www.marixperience.com\/wp-content\/uploads\/2021\/11\/iso-320x300.jpg 320w\" sizes=\"(max-width: 1280px) 100vw, 1280px\" \/><\/span><\/div><\/div><\/div><\/div><div  class=\"bt_bb_column col-xl-1 bt_bb_align_left bt_bb_vertical_align_top bt_bb_padding_normal\"  data-width=\"1\" data-bt-override-class=\"{}\"><div class=\"bt_bb_column_content\"><div class=\"bt_bb_column_content_inner\"><\/div><\/div><\/div><div  class=\"bt_bb_column col-xl-6 bt_bb_align_left bt_bb_vertical_align_middle bt_bb_padding_20 bt_bb_animation_fade_in animate\" style=\"background-color:rgba(237,237,237,0);\" data-width=\"6\" data-bt-override-class=\"{&quot;bt_bb_align_&quot;:{&quot;current_class&quot;:&quot;bt_bb_align_left&quot;,&quot;xl&quot;:&quot;left&quot;}}\"><div class=\"bt_bb_column_content\"><div class=\"bt_bb_column_content_inner\"><div class=\"bt_bb_separator bt_bb_bottom_spacing_large bt_bb_border_style_none bt_bb_border_color_none bt_bb_hidden_md bt_bb_hidden_lg\"><\/div><header class=\"bt_bb_headline bt_bb_dash_none bt_bb_size_large bt_bb_supertitle_style_accent bt_bb_subheadline bt_bb_align_inherit\" data-bt-override-class=\"{&quot;bt_bb_size_&quot;:{&quot;current_class&quot;:&quot;bt_bb_size_large&quot;,&quot;xl&quot;:&quot;large&quot;},&quot;bt_bb_align_&quot;:{&quot;current_class&quot;:&quot;bt_bb_align_inherit&quot;,&quot;xl&quot;:&quot;inherit&quot;}}\"><h3 class=\"bt_bb_headline_tag\"><span class=\"bt_bb_headline_content\"><span>Interni Audit za ISO standarde<\/span><\/span><\/h3><div class=\"bt_bb_headline_subheadline\">Interna provjera i priprema sistema za externi Audit; priprema dokumentacije i Audit procesa kao i ispunjenje standarda.<\/div><\/header><div class=\"bt_bb_separator bt_bb_bottom_spacing_normal bt_bb_border_style_none bt_bb_border_color_none\"><\/div><div  class=\"bt_bb_row_inner\" ><div  class=\"bt_bb_column_inner col-xl-12 col-xs-12 col-sm-12 col-md-12 col-lg-12 bt_bb_align_left bt_bb_vertical_align_top\"  data-width=\"12\" data-bt-override-class=\"{}\"><div class=\"bt_bb_column_inner_content\"><div  class=\"bt_bb_text\" ><p>ISO standardi su me\u0111unarodno usagla\u0161eni od strane stru\u010dnjaka.<br \/>\nZamislite ih kao formulu koja opisuje najbolji na\u010din da se ne\u0161to uradi.<br \/>\nMo\u017ee se raditi o izradi proizvoda, upravljanju procesom, pru\u017eanju usluge ili isporuci materijala &#8211; standardi pokrivaju veliki spektar aktivnosti.<br \/>\nStandardi su destilovana mudrost ljudi sa stru\u010dno\u0161c\u0301u u svojoj oblasti i koji znaju potrebe organizacija koje predstavljaju &#8211; ljudi poput proizvo\u0111a\u010da, prodavaca, kupaca, kupaca, trgova\u010dkih udru\u017eenja i korisnika.<br \/>\nMariXperience konsultant vam mo\u017ee pomo\u0107i pri implementaciji ISO standarda, njihovom razvoju i unapre\u0111enju, kao i pripremi za eksterni audit.<\/p>\n<p>* Ne izdajemo sertifikate.<\/p>\n<\/div><div class=\"bt_bb_separator bt_bb_bottom_spacing_15 bt_bb_border_style_none bt_bb_border_color_none\"><\/div><\/div><\/div><\/div><div class=\"bt_bb_separator bt_bb_bottom_spacing_medium bt_bb_border_style_none bt_bb_border_color_none bt_bb_hidden_md bt_bb_hidden_lg\"><\/div><\/div><\/div><\/div><\/div><\/div><div class=\"bt_bb_row_wrapper bt_bb_row_width_boxed_1200 bt_bb_row_push_right bt_bb_content_wide\"><div  class=\"bt_bb_row bt_bb_column_gap_0 bt_bb_animation_no_animation animate\" ><div  class=\"bt_bb_column col-xl-6 bt_bb_align_left bt_bb_vertical_align_middle bt_bb_padding_20 bt_bb_animation_fade_in animate\"  data-width=\"6\" data-bt-override-class=\"{}\"><div class=\"bt_bb_column_content\"><div class=\"bt_bb_column_content_inner\"><div class=\"bt_bb_separator bt_bb_bottom_spacing_large bt_bb_border_style_none bt_bb_border_color_none bt_bb_hidden_md bt_bb_hidden_lg\"><\/div><header class=\"bt_bb_headline bt_bb_dash_none bt_bb_size_large bt_bb_supertitle_style_accent bt_bb_subheadline bt_bb_align_inherit\" data-bt-override-class=\"{&quot;bt_bb_size_&quot;:{&quot;current_class&quot;:&quot;bt_bb_size_large&quot;,&quot;xl&quot;:&quot;large&quot;},&quot;bt_bb_align_&quot;:{&quot;current_class&quot;:&quot;bt_bb_align_inherit&quot;,&quot;xl&quot;:&quot;inherit&quot;}}\"><h3 class=\"bt_bb_headline_tag\"><span class=\"bt_bb_headline_content\"><span>Rein\u017eenjering poslovnih procesa<\/span><\/span><\/h3><div class=\"bt_bb_headline_subheadline\">Rein\u017eenjering poslovnih procesa preispituje i a\u017eurira poslovne sisteme kako bi efikasno postigao brojna pobolj\u0161anja u poslovnim procesima.<\/div><\/header><div class=\"bt_bb_separator bt_bb_bottom_spacing_normal bt_bb_border_style_none bt_bb_border_color_none\"><\/div><div  class=\"bt_bb_row_inner\" ><div  class=\"bt_bb_column_inner col-xl-12 col-xs-12 col-sm-12 col-md-12 col-lg-12 bt_bb_align_left bt_bb_vertical_align_top\"  data-width=\"12\" data-bt-override-class=\"{}\"><div class=\"bt_bb_column_inner_content\"><div  class=\"bt_bb_text\" ><p>Ove promjene uklju\u010duju smanjenje operativnih tro\u0161kova, pobolj\u0161anje kvaliteta usluga i odr\u017eavanje konkurentnosti.<\/p>\n<p>Radikalno redizajniranje poslovnih procesa radi postizanja dramati\u010dnih pobolj\u0161anja u kriti\u010dnim aspektima kao \u0161to su kvalitet, u\u010dinak, usluge, tro\u0161kovi i brzina.<\/p>\n<\/div><div class=\"bt_bb_separator bt_bb_bottom_spacing_15 bt_bb_border_style_none bt_bb_border_color_none\"><\/div><div class=\"bt_bb_icon bt_bb_color_scheme_8 bt_bb_style_borderless bt_bb_size_normal bt_bb_shape_circle bt_bb_align_inherit bt_bb_text_color_alternate\" data-bt-override-class=\"{&quot;bt_bb_size_&quot;:{&quot;current_class&quot;:&quot;bt_bb_size_normal&quot;,&quot;xl&quot;:&quot;normal&quot;},&quot;bt_bb_align_&quot;:{&quot;current_class&quot;:&quot;bt_bb_align_inherit&quot;,&quot;xl&quot;:&quot;inherit&quot;}}\"><span  data-ico-fontawesome5regular=\"&#xf058;\" class=\"bt_bb_icon_holder\"><span>Mapiranje trenutnog stanja svojih procesa<\/span><\/span><\/div><div class=\"bt_bb_separator bt_bb_bottom_spacing_15 bt_bb_border_style_none bt_bb_border_color_none\"><\/div><div class=\"bt_bb_icon bt_bb_color_scheme_8 bt_bb_style_borderless bt_bb_size_normal bt_bb_shape_circle bt_bb_align_inherit bt_bb_text_color_alternate\" data-bt-override-class=\"{&quot;bt_bb_size_&quot;:{&quot;current_class&quot;:&quot;bt_bb_size_normal&quot;,&quot;xl&quot;:&quot;normal&quot;},&quot;bt_bb_align_&quot;:{&quot;current_class&quot;:&quot;bt_bb_align_inherit&quot;,&quot;xl&quot;:&quot;inherit&quot;}}\"><span  data-ico-fontawesome5regular=\"&#xf058;\" class=\"bt_bb_icon_holder\"><span>Analiziranje procesa i iznala\u017eenje procesnih praznina (gaps) ili prekida veze<\/span><\/span><\/div><div class=\"bt_bb_separator bt_bb_bottom_spacing_15 bt_bb_border_style_none bt_bb_border_color_none\"><\/div><div class=\"bt_bb_icon bt_bb_color_scheme_8 bt_bb_style_borderless bt_bb_size_normal bt_bb_shape_circle bt_bb_align_inherit bt_bb_text_color_alternate\" data-bt-override-class=\"{&quot;bt_bb_size_&quot;:{&quot;current_class&quot;:&quot;bt_bb_size_normal&quot;,&quot;xl&quot;:&quot;normal&quot;},&quot;bt_bb_align_&quot;:{&quot;current_class&quot;:&quot;bt_bb_align_inherit&quot;,&quot;xl&quot;:&quot;inherit&quot;}}\"><span  data-ico-fontawesome5regular=\"&#xf058;\" class=\"bt_bb_icon_holder\"><span>Tra\u017eenje mogu\u0107nosti pobolj\u0161anja i vrednovanje istih<\/span><\/span><\/div><div class=\"bt_bb_separator bt_bb_bottom_spacing_15 bt_bb_border_style_none bt_bb_border_color_none\"><\/div><div class=\"bt_bb_icon bt_bb_color_scheme_8 bt_bb_style_borderless bt_bb_size_normal bt_bb_shape_circle bt_bb_align_inherit bt_bb_text_color_alternate\" data-bt-override-class=\"{&quot;bt_bb_size_&quot;:{&quot;current_class&quot;:&quot;bt_bb_size_normal&quot;,&quot;xl&quot;:&quot;normal&quot;},&quot;bt_bb_align_&quot;:{&quot;current_class&quot;:&quot;bt_bb_align_inherit&quot;,&quot;xl&quot;:&quot;inherit&quot;}}\"><span  data-ico-fontawesome5regular=\"&#xf058;\" class=\"bt_bb_icon_holder\"><span>Dizajn nove mape procesa budu\u0107eg stanja <\/span><\/span><\/div><div class=\"bt_bb_separator bt_bb_bottom_spacing_15 bt_bb_border_style_none bt_bb_border_color_none\"><\/div><div class=\"bt_bb_icon bt_bb_color_scheme_8 bt_bb_style_borderless bt_bb_size_normal bt_bb_shape_circle bt_bb_align_inherit bt_bb_text_color_alternate\" data-bt-override-class=\"{&quot;bt_bb_size_&quot;:{&quot;current_class&quot;:&quot;bt_bb_size_normal&quot;,&quot;xl&quot;:&quot;normal&quot;},&quot;bt_bb_align_&quot;:{&quot;current_class&quot;:&quot;bt_bb_align_inherit&quot;,&quot;xl&quot;:&quot;inherit&quot;}}\"><span  data-ico-fontawesome5regular=\"&#xf058;\" class=\"bt_bb_icon_holder\"><span>Implementacija budu\u0107ih promjena stanja uz vo\u0111enje ra\u010duna o zavisnostima (KPI).<\/span><\/span><\/div><div class=\"bt_bb_separator bt_bb_bottom_spacing_15 bt_bb_border_style_none bt_bb_border_color_none\"><\/div><div  class=\"bt_bb_text\" ><p>Najbolje svjetske firme kao \u0161to su Apple, Ford Motor Company, IBM, itd. jo\u0161 od 90-ih godina pro\u0161log vijeka primijenjuju rein\u017eenjering poslovnih procesa i dan danas briljiraju.<\/p>\n<p>MariXperience vas izaziva da napravite dramati\u010dno pobolj\u0161anje va\u0161ih poslovnih procesa u saradnji sa nama.<\/p>\n<\/div><\/div><\/div><\/div><div class=\"bt_bb_separator bt_bb_bottom_spacing_medium bt_bb_border_style_none bt_bb_border_color_none bt_bb_hidden_md bt_bb_hidden_lg\"><\/div><\/div><\/div><\/div><div  class=\"bt_bb_column col-xl-1 bt_bb_align_left bt_bb_vertical_align_top bt_bb_padding_normal\"  data-width=\"1\" data-bt-override-class=\"{}\"><div class=\"bt_bb_column_content\"><div class=\"bt_bb_column_content_inner\"><\/div><\/div><\/div><div  class=\"bt_bb_column col-xl-5 bt_bb_align_left bt_bb_vertical_align_top bt_bb_padding_normal bt_bb_animation_fade_in animate\"  data-width=\"5\" data-bt-override-class=\"{}\"><div class=\"bt_bb_column_content\"><div class=\"bt_bb_column_content_inner\"><div class=\"bt_bb_image bt_bb_shape_square bt_bb_align_inherit bt_bb_hover_style_simple bt_bb_content_display_always bt_bb_content_align_middle\" data-bt-override-class=\"{&quot;bt_bb_align_&quot;:{&quot;current_class&quot;:&quot;bt_bb_align_inherit&quot;,&quot;xl&quot;:&quot;inherit&quot;}}\"><span><img width=\"1280\" height=\"1200\" src=\"https:\/\/www.marixperience.com\/wp-content\/uploads\/2021\/11\/Untitled-1.jpg\" class=\"attachment-boldthemes_large_square size-boldthemes_large_square\" alt=\"https:\/\/www.marixperience.com\/wp-content\/uploads\/2021\/11\/Untitled-1.jpg\" loading=\"lazy\" data-full_image_src=\"https:\/\/www.marixperience.com\/wp-content\/uploads\/2021\/11\/Untitled-1.jpg\" title=\"Untitled-1\" srcset=\"https:\/\/www.marixperience.com\/wp-content\/uploads\/2021\/11\/Untitled-1.jpg 1280w, https:\/\/www.marixperience.com\/wp-content\/uploads\/2021\/11\/Untitled-1-640x600.jpg 640w, https:\/\/www.marixperience.com\/wp-content\/uploads\/2021\/11\/Untitled-1-768x720.jpg 768w, https:\/\/www.marixperience.com\/wp-content\/uploads\/2021\/11\/Untitled-1-320x300.jpg 320w\" sizes=\"(max-width: 1280px) 100vw, 1280px\" \/><\/span><\/div><\/div><\/div><\/div><\/div><\/div><\/div><\/div><\/div><\/section><\/div>","protected":false},"excerpt":{"rendered":"","protected":false},"author":1,"featured_media":0,"parent":0,"menu_order":0,"comment_status":"closed","ping_status":"closed","template":"","meta":[],"_links":{"self":[{"href":"https:\/\/www.marixperience.com\/me\/wp-json\/wp\/v2\/pages\/2901"}],"collection":[{"href":"https:\/\/www.marixperience.com\/me\/wp-json\/wp\/v2\/pages"}],"about":[{"href":"https:\/\/www.marixperience.com\/me\/wp-json\/wp\/v2\/types\/page"}],"author":[{"embeddable":true,"href":"https:\/\/www.marixperience.com\/me\/wp-json\/wp\/v2\/users\/1"}],"replies":[{"embeddable":true,"href":"https:\/\/www.marixperience.com\/me\/wp-json\/wp\/v2\/comments?post=2901"}],"version-history":[{"count":18,"href":"https:\/\/www.marixperience.com\/me\/wp-json\/wp\/v2\/pages\/2901\/revisions"}],"predecessor-version":[{"id":3531,"href":"https:\/\/www.marixperience.com\/me\/wp-json\/wp\/v2\/pages\/2901\/revisions\/3531"}],"wp:attachment":[{"href":"https:\/\/www.marixperience.com\/me\/wp-json\/wp\/v2\/media?parent=2901"}],"curies":[{"name":"wp","href":"https:\/\/api.w.org\/{rel}","templated":true}]}}