{"id":2871,"date":"2020-08-27T07:32:56","date_gmt":"2020-08-27T07:32:56","guid":{"rendered":"https:\/\/www.marixperience.com\/home-02\/"},"modified":"2024-12-21T19:27:18","modified_gmt":"2024-12-21T19:27:18","slug":"home-02","status":"publish","type":"page","link":"https:\/\/www.marixperience.com\/me\/","title":{"rendered":"Naslovna"},"content":{"rendered":"<div class=\"bt_bb_wrapper\"><section id=\"bt_bb_section69f188138c1d8\" data-parallax=\"0.6\" data-parallax-offset=\"0\" class=\"bt_bb_section bt_bb_top_spacing_large bt_bb_bottom_spacing_extra_large bt_bb_color_scheme_1 bt_bb_layout_boxed_1200 bt_bb_vertical_align_top bt_bb_background_image bt_bb_parallax\" style=\"background-image:url(&#039;https:\/\/www.marixperience.com\/wp-content\/uploads\/2024\/12\/Slide-16_9-1-1.png&#039;);\"><div class=\"bt_bb_port\"><div class=\"bt_bb_cell\"><div class=\"bt_bb_cell_inner\"><div class=\"bt_bb_row_wrapper\"><div  class=\"bt_bb_row bt_bb_column_gap_40 bt_bb_animation_no_animation animate\" ><div  class=\"bt_bb_column col-xl-12 col-xs-12 col-sm-12 col-md-12 col-lg-12 bt_bb_align_center bt_bb_vertical_align_middle bt_bb_padding_normal bt_bb_animation_fade_in animate\"  data-width=\"12\" data-bt-override-class=\"{}\"><div class=\"bt_bb_column_content\"><div class=\"bt_bb_column_content_inner\"><div class=\"bt_bb_separator bt_bb_bottom_spacing_medium bt_bb_border_style_none bt_bb_border_color_none\"><\/div><header class=\"bt_bb_headline bt_bb_dash_none bt_bb_size_huge bt_bb_subheadline bt_bb_align_left\" data-bt-override-class=\"{&quot;bt_bb_size_&quot;:{&quot;current_class&quot;:&quot;bt_bb_size_huge&quot;,&quot;xl&quot;:&quot;huge&quot;},&quot;bt_bb_align_&quot;:{&quot;current_class&quot;:&quot;bt_bb_align_left&quot;,&quot;xl&quot;:&quot;left&quot;}}\"><h1 class=\"bt_bb_headline_tag\"><span class=\"bt_bb_headline_content\"><span>Consulting<\/span><\/span><\/h1><div class=\"bt_bb_headline_subheadline\">Giving our best for your destination success. <\/div><\/header><div class=\"bt_bb_separator bt_bb_bottom_spacing_small bt_bb_border_style_none bt_bb_border_color_none\"><\/div><header class=\"bt_bb_headline bt_bb_dash_none bt_bb_size_small btNoHeadline bt_bb_subheadline bt_bb_align_left\" data-bt-override-class=\"{&quot;bt_bb_size_&quot;:{&quot;current_class&quot;:&quot;bt_bb_size_small&quot;,&quot;xl&quot;:&quot;small&quot;},&quot;bt_bb_align_&quot;:{&quot;current_class&quot;:&quot;bt_bb_align_left&quot;,&quot;xl&quot;:&quot;left&quot;}}\"><div class=\"bt_bb_headline_subheadline\">If you\u2019re ready to innovate and transform your destination, MariXperience can help you imagine, deliver, and run your future because success isn\u2019t created alone. Together we can make history. <\/div><\/header><\/div><\/div><\/div><\/div><\/div><\/div><\/div><\/div><\/section><section id=\"bt_bb_section69f188138c4fe\"  class=\"bt_bb_section bt_bb_top_spacing_medium bt_bb_color_scheme_8 bt_bb_layout_boxed_1200 bt_bb_vertical_align_top\" ><div class=\"bt_bb_port\"><div class=\"bt_bb_cell\"><div class=\"bt_bb_cell_inner\"><div class=\"bt_bb_row_wrapper\"><div  class=\"bt_bb_row bt_bb_column_gap_40 bt_bb_animation_no_animation animate\" ><div  class=\"bt_bb_column col-xl-4 bt_bb_align_left bt_bb_vertical_align_top bt_bb_padding_normal bt_bb_animation_fade_in animate\"  data-width=\"4\" data-bt-override-class=\"{}\"><div class=\"bt_bb_column_content\"><div class=\"bt_bb_column_content_inner\"><header class=\"bt_bb_headline bt_bb_font_weight_semi-bold bt_bb_dash_none bt_bb_size_medium bt_bb_supertitle_style_accent bt_bb_superheadline bt_bb_align_inherit\" style=\";font-family:&#039;Spartan&#039;\" data-bt-override-class=\"{&quot;bt_bb_size_&quot;:{&quot;current_class&quot;:&quot;bt_bb_size_medium&quot;,&quot;xl&quot;:&quot;medium&quot;},&quot;bt_bb_align_&quot;:{&quot;current_class&quot;:&quot;bt_bb_align_inherit&quot;,&quot;xl&quot;:&quot;inherit&quot;}}\"><h4 style=\"font-family:'Spartan'\" class=\"bt_bb_headline_tag\"><span class=\"bt_bb_headline_superheadline\">01<\/span><span class=\"bt_bb_headline_content\"><span>Kako radimo sa Vama<\/span><\/span><\/h4><\/header><div class=\"bt_bb_separator bt_bb_bottom_spacing_small bt_bb_border_style_none bt_bb_border_color_none\"><\/div><header class=\"bt_bb_headline bt_bb_dash_none bt_bb_size_extralarge btNoHeadline bt_bb_supertitle_letter_spacing_0 bt_bb_superheadline bt_bb_align_inherit\" data-bt-override-class=\"{&quot;bt_bb_size_&quot;:{&quot;current_class&quot;:&quot;bt_bb_size_extralarge&quot;,&quot;xl&quot;:&quot;extralarge&quot;},&quot;bt_bb_align_&quot;:{&quot;current_class&quot;:&quot;bt_bb_align_inherit&quot;,&quot;xl&quot;:&quot;inherit&quot;}}\"><h4 style=\"letter-spacing:0\" class=\"bt_bb_headline_tag\"><span class=\"bt_bb_headline_superheadline\">Mo\u017eemo vam biti na usluzi na dva na\u010dina: kao pouzdani izvr\u0161ni konsultant ili kao interni konsultant za projekte.<\/span><\/h4><\/header><div class=\"bt_bb_separator bt_bb_bottom_spacing_normal bt_bb_border_style_none bt_bb_border_color_none\"><\/div><div class=\"bt_bb_icon bt_bb_color_scheme_3 bt_bb_style_borderless bt_bb_size_large bt_bb_shape_circle bt_bb_align_inherit\" data-bt-override-class=\"{&quot;bt_bb_size_&quot;:{&quot;current_class&quot;:&quot;bt_bb_size_large&quot;,&quot;xl&quot;:&quot;large&quot;},&quot;bt_bb_align_&quot;:{&quot;current_class&quot;:&quot;bt_bb_align_inherit&quot;,&quot;xl&quot;:&quot;inherit&quot;}}\"><a href=\"https:\/\/www.marixperience.com\/me\/kako-radimo-sa-vama\/\"  target=\"_self\"   data-ico-icon7stroke=\"&#xe685;\" class=\"bt_bb_icon_holder\"><\/a><\/div><div class=\"bt_bb_separator bt_bb_bottom_spacing_medium bt_bb_border_style_none bt_bb_border_color_none\"><\/div><\/div><\/div><\/div><div  class=\"bt_bb_column col-xl-4 bt_bb_align_left bt_bb_vertical_align_top bt_bb_padding_normal bt_bb_animation_fade_in animate\"  data-width=\"4\" data-bt-override-class=\"{}\"><div class=\"bt_bb_column_content\"><div class=\"bt_bb_column_content_inner\"><header class=\"bt_bb_headline bt_bb_font_weight_semi-bold bt_bb_dash_none bt_bb_size_medium bt_bb_supertitle_style_accent bt_bb_superheadline bt_bb_align_inherit\" style=\";font-family:&#039;Spartan&#039;\" data-bt-override-class=\"{&quot;bt_bb_size_&quot;:{&quot;current_class&quot;:&quot;bt_bb_size_medium&quot;,&quot;xl&quot;:&quot;medium&quot;},&quot;bt_bb_align_&quot;:{&quot;current_class&quot;:&quot;bt_bb_align_inherit&quot;,&quot;xl&quot;:&quot;inherit&quot;}}\"><h4 style=\"font-family:'Spartan'\" class=\"bt_bb_headline_tag\"><span class=\"bt_bb_headline_superheadline\">02<\/span><span class=\"bt_bb_headline_content\"><span>Privatni sektor<\/span><\/span><\/h4><\/header><div class=\"bt_bb_separator bt_bb_bottom_spacing_small bt_bb_border_style_none bt_bb_border_color_none\"><\/div><header class=\"bt_bb_headline bt_bb_dash_none bt_bb_size_extralarge btNoHeadline bt_bb_supertitle_letter_spacing_0 bt_bb_superheadline bt_bb_align_inherit\" data-bt-override-class=\"{&quot;bt_bb_size_&quot;:{&quot;current_class&quot;:&quot;bt_bb_size_extralarge&quot;,&quot;xl&quot;:&quot;extralarge&quot;},&quot;bt_bb_align_&quot;:{&quot;current_class&quot;:&quot;bt_bb_align_inherit&quot;,&quot;xl&quot;:&quot;inherit&quot;}}\"><h4 style=\"letter-spacing:0\" class=\"bt_bb_headline_tag\"><span class=\"bt_bb_headline_superheadline\">Projekat prilago\u0111avamo zahtjevima klijenata i njihovim specifi\u010dnim i jedinstvenim potrebama. Fokusiramo se na inovativne, efikasne i odr\u017eive pristupe koji idu uz politiku poslovanja klijenta.<\/span><\/h4><\/header><div class=\"bt_bb_separator bt_bb_bottom_spacing_normal bt_bb_border_style_none bt_bb_border_color_none\"><\/div><div class=\"bt_bb_icon bt_bb_color_scheme_3 bt_bb_style_borderless bt_bb_size_large bt_bb_shape_circle bt_bb_align_inherit\" data-bt-override-class=\"{&quot;bt_bb_size_&quot;:{&quot;current_class&quot;:&quot;bt_bb_size_large&quot;,&quot;xl&quot;:&quot;large&quot;},&quot;bt_bb_align_&quot;:{&quot;current_class&quot;:&quot;bt_bb_align_inherit&quot;,&quot;xl&quot;:&quot;inherit&quot;}}\"><a href=\"https:\/\/www.marixperience.com\/me\/privatni-sektor\/\"  target=\"_self\"   data-ico-icon7stroke=\"&#xe685;\" class=\"bt_bb_icon_holder\"><\/a><\/div><div class=\"bt_bb_separator bt_bb_bottom_spacing_medium bt_bb_border_style_none bt_bb_border_color_none\"><\/div><\/div><\/div><\/div><div  class=\"bt_bb_column col-xl-4 bt_bb_align_left bt_bb_vertical_align_top bt_bb_padding_normal bt_bb_animation_fade_in animate\"  data-width=\"4\" data-bt-override-class=\"{}\"><div class=\"bt_bb_column_content\"><div class=\"bt_bb_column_content_inner\"><header class=\"bt_bb_headline bt_bb_font_weight_semi-bold bt_bb_dash_none bt_bb_size_medium bt_bb_supertitle_style_accent bt_bb_superheadline bt_bb_align_inherit\" style=\";font-family:&#039;Spartan&#039;\" data-bt-override-class=\"{&quot;bt_bb_size_&quot;:{&quot;current_class&quot;:&quot;bt_bb_size_medium&quot;,&quot;xl&quot;:&quot;medium&quot;},&quot;bt_bb_align_&quot;:{&quot;current_class&quot;:&quot;bt_bb_align_inherit&quot;,&quot;xl&quot;:&quot;inherit&quot;}}\"><h4 style=\"font-family:'Spartan'\" class=\"bt_bb_headline_tag\"><span class=\"bt_bb_headline_superheadline\">03<\/span><span class=\"bt_bb_headline_content\"><span>Nacionalni i internacionalni sektor<\/span><\/span><\/h4><\/header><div class=\"bt_bb_separator bt_bb_bottom_spacing_small bt_bb_border_style_none bt_bb_border_color_none\"><\/div><header class=\"bt_bb_headline bt_bb_dash_none bt_bb_size_extralarge btNoHeadline bt_bb_supertitle_letter_spacing_0 bt_bb_superheadline bt_bb_align_inherit\" data-bt-override-class=\"{&quot;bt_bb_size_&quot;:{&quot;current_class&quot;:&quot;bt_bb_size_extralarge&quot;,&quot;xl&quot;:&quot;extralarge&quot;},&quot;bt_bb_align_&quot;:{&quot;current_class&quot;:&quot;bt_bb_align_inherit&quot;,&quot;xl&quot;:&quot;inherit&quot;}}\"><h4 style=\"letter-spacing:0\" class=\"bt_bb_headline_tag\"><span class=\"bt_bb_headline_superheadline\">Poma\u017eemo lokalni, nacionalni i internacionalni sektor u upravljanju i izradi stru\u010dnih strate\u0161kih planova i projekata razvoja turizma.<\/span><\/h4><\/header><div class=\"bt_bb_separator bt_bb_bottom_spacing_normal bt_bb_border_style_none bt_bb_border_color_none\"><\/div><div class=\"bt_bb_icon bt_bb_color_scheme_3 bt_bb_style_borderless bt_bb_size_large bt_bb_shape_circle bt_bb_align_inherit\" data-bt-override-class=\"{&quot;bt_bb_size_&quot;:{&quot;current_class&quot;:&quot;bt_bb_size_large&quot;,&quot;xl&quot;:&quot;large&quot;},&quot;bt_bb_align_&quot;:{&quot;current_class&quot;:&quot;bt_bb_align_inherit&quot;,&quot;xl&quot;:&quot;inherit&quot;}}\"><a href=\"https:\/\/www.marixperience.com\/me\/drzavni-sektor\/\"  target=\"_self\"   data-ico-icon7stroke=\"&#xe685;\" class=\"bt_bb_icon_holder\"><\/a><\/div><div class=\"bt_bb_separator bt_bb_bottom_spacing_medium bt_bb_border_style_none bt_bb_border_color_none\"><\/div><\/div><\/div><\/div><\/div><\/div><\/div><\/div><\/div><\/section><section id=\"bt_bb_section69f188138cb30\"  class=\"bt_bb_section bt_bb_color_scheme_8 bt_bb_layout_wide bt_bb_vertical_align_top\" style=\";background-color:#f4f7f6;\"><div class=\"bt_bb_port\"><div class=\"bt_bb_cell\"><div class=\"bt_bb_cell_inner\"><div class=\"bt_bb_row_wrapper bt_bb_row_width_boxed_1200 bt_bb_row_push_left bt_bb_content_wide\"><div  class=\"bt_bb_row bt_bb_column_gap_0 bt_bb_animation_no_animation animate\" ><div  class=\"bt_bb_column col-xl-5 bt_bb_align_center bt_bb_vertical_align_middle bt_bb_padding_normal bt_bb_animation_fade_in animate\"  data-width=\"5\" data-bt-override-class=\"{}\"><div class=\"bt_bb_column_content\"><div class=\"bt_bb_column_content_inner\"><div class=\"bt_bb_image bt_bb_shape_square bt_bb_align_inherit bt_bb_hover_style_simple bt_bb_content_display_always bt_bb_content_align_middle\" data-bt-override-class=\"{&quot;bt_bb_align_&quot;:{&quot;current_class&quot;:&quot;bt_bb_align_inherit&quot;,&quot;xl&quot;:&quot;inherit&quot;}}\"><span><img width=\"1133\" height=\"720\" src=\"https:\/\/www.marixperience.com\/wp-content\/uploads\/2023\/06\/TV-1-2.png\" class=\"attachment-boldthemes_large_square size-boldthemes_large_square\" alt=\"https:\/\/www.marixperience.com\/wp-content\/uploads\/2023\/06\/TV-1-2.png\" data-full_image_src=\"https:\/\/www.marixperience.com\/wp-content\/uploads\/2023\/06\/TV-1-2.png\" title=\"TV - 1\" srcset=\"https:\/\/www.marixperience.com\/wp-content\/uploads\/2023\/06\/TV-1-2.png 1133w, https:\/\/www.marixperience.com\/wp-content\/uploads\/2023\/06\/TV-1-2-640x407.png 640w, https:\/\/www.marixperience.com\/wp-content\/uploads\/2023\/06\/TV-1-2-768x488.png 768w, https:\/\/www.marixperience.com\/wp-content\/uploads\/2023\/06\/TV-1-2-320x203.png 320w\" sizes=\"(max-width: 1133px) 100vw, 1133px\" \/><\/span><\/div><\/div><\/div><\/div><div  class=\"bt_bb_column col-xl-1 bt_bb_align_left bt_bb_vertical_align_top bt_bb_padding_normal\"  data-width=\"1\" data-bt-override-class=\"{}\"><div class=\"bt_bb_column_content\"><div class=\"bt_bb_column_content_inner\"><\/div><\/div><\/div><div  class=\"bt_bb_column col-xl-6 bt_bb_align_left bt_bb_vertical_align_middle bt_bb_padding_20 bt_bb_animation_fade_in animate\"  data-width=\"6\" data-bt-override-class=\"{}\"><div class=\"bt_bb_column_content\"><div class=\"bt_bb_column_content_inner\"><div class=\"bt_bb_separator bt_bb_bottom_spacing_normal bt_bb_border_style_none bt_bb_border_color_none\"><\/div><header class=\"bt_bb_headline bt_bb_color_scheme_8 bt_bb_dash_none bt_bb_size_extralarge bt_bb_subheadline bt_bb_align_inherit\" data-bt-override-class=\"{&quot;bt_bb_size_&quot;:{&quot;current_class&quot;:&quot;bt_bb_size_extralarge&quot;,&quot;xl&quot;:&quot;extralarge&quot;},&quot;bt_bb_align_&quot;:{&quot;current_class&quot;:&quot;bt_bb_align_inherit&quot;,&quot;xl&quot;:&quot;inherit&quot;}}\"><h3 class=\"bt_bb_headline_tag\"><span class=\"bt_bb_headline_content\"><span>O nama<\/span><\/span><\/h3><div class=\"bt_bb_headline_subheadline\">MariXperience je prva konsultantska firma u Crnoj Gori posve\u0107ena odr\u017eivom razvoju turizma.<\/div><\/header><div class=\"bt_bb_separator bt_bb_bottom_spacing_normal bt_bb_border_style_none bt_bb_border_color_none\"><\/div><div  class=\"bt_bb_text\" ><p>Na\u0161 cilj je pronac\u0301i rije\u0161enja koja odgovaraju, pobolj\u0161avaju, stvaraju vrijednost za zajednicu i na\u0161e klijente i posti\u017eu njihove vizije, bilo da se radi za dr\u017eavni ili privatni sektor.<\/p>\n<\/div><div class=\"bt_bb_separator bt_bb_bottom_spacing_normal bt_bb_border_style_none bt_bb_border_color_none\"><\/div><div class=\"bt_bb_button bt_bb_icon_position_right bt_bb_color_scheme_3 bt_bb_style_clean bt_bb_size_small bt_bb_width_inline bt_bb_shape_inherit bt_bb_align_inherit btWithIcon\" data-bt-override-class=\"{&quot;bt_bb_size_&quot;:{&quot;current_class&quot;:&quot;bt_bb_size_small&quot;,&quot;xl&quot;:&quot;small&quot;},&quot;bt_bb_align_&quot;:{&quot;current_class&quot;:&quot;bt_bb_align_inherit&quot;,&quot;xl&quot;:&quot;inherit&quot;}}\"><a href=\"https:\/\/www.marixperience.com\/me\/o-nama\/\" target=\"_self\" class=\"bt_bb_link\" title=\"Pro\u010ditaj jo\u0161\"><span class=\"bt_bb_button_text\">Pro\u010ditaj jo\u0161<\/span><span  data-ico-icon7stroke=\"&#xe685;\" class=\"bt_bb_icon_holder\"><\/span><\/a><\/div><div class=\"bt_bb_separator bt_bb_bottom_spacing_normal bt_bb_border_style_none bt_bb_border_color_none\"><\/div><\/div><\/div><\/div><\/div><\/div><\/div><\/div><\/div><\/section><section id=\"bt_bb_section69f188138d41f\"  class=\"bt_bb_section bt_bb_top_spacing_large bt_bb_bottom_spacing_medium bt_bb_color_scheme_15 bt_bb_layout_boxed_1200 bt_bb_vertical_align_top\" style=\";background-color:rgb(255,255,255);\"><div class=\"bt_bb_port\"><div class=\"bt_bb_cell\"><div class=\"bt_bb_cell_inner\"><div class=\"bt_bb_row_wrapper\"><div  class=\"bt_bb_row\" ><div  class=\"bt_bb_column col-xl-3 bt_bb_align_left bt_bb_vertical_align_top bt_bb_padding_normal\"  data-width=\"3\" data-bt-override-class=\"{}\"><div class=\"bt_bb_column_content\"><div class=\"bt_bb_column_content_inner\"><\/div><\/div><\/div><div  class=\"bt_bb_column col-xl-6 bt_bb_align_center bt_bb_vertical_align_top bt_bb_padding_normal bt_bb_animation_fade_in animate\"  data-width=\"6\" data-bt-override-class=\"{}\"><div class=\"bt_bb_column_content\"><div class=\"bt_bb_column_content_inner\"><header class=\"bt_bb_headline bt_bb_dash_none bt_bb_size_large bt_bb_supertitle_style_accent bt_bb_align_inherit\" data-bt-override-class=\"{&quot;bt_bb_size_&quot;:{&quot;current_class&quot;:&quot;bt_bb_size_large&quot;,&quot;xl&quot;:&quot;large&quot;},&quot;bt_bb_align_&quot;:{&quot;current_class&quot;:&quot;bt_bb_align_inherit&quot;,&quot;xl&quot;:&quot;inherit&quot;}}\"><h3 class=\"bt_bb_headline_tag\"><span class=\"bt_bb_headline_content\"><span>Na\u0161 blog<\/span><\/span><\/h3><\/header><div class=\"bt_bb_separator bt_bb_bottom_spacing_medium bt_bb_border_style_none bt_bb_border_color_none\"><\/div><\/div><\/div><\/div><div  class=\"bt_bb_column col-xl-3 bt_bb_align_left bt_bb_vertical_align_top bt_bb_padding_normal\"  data-width=\"3\" data-bt-override-class=\"{}\"><div class=\"bt_bb_column_content\"><div class=\"bt_bb_column_content_inner\"><\/div><\/div><\/div><\/div><\/div><div class=\"bt_bb_row_wrapper\"><div  class=\"bt_bb_row\" ><div  class=\"bt_bb_column col-xl-12 col-xs-12 col-sm-12 col-md-12 col-lg-12 bt_bb_align_left bt_bb_vertical_align_top bt_bb_padding_normal\"  data-width=\"12\" data-bt-override-class=\"{}\"><div class=\"bt_bb_column_content\"><div class=\"bt_bb_column_content_inner\"><div class=\"bt_bb_latest_posts bt_bb_columns_3 bt_bb_gap_normal\"><div class=\"bt_bb_latest_posts_item bt_bb_latest_posts_item_even\"><div class=\"bt_bb_latest_posts_item_inner\"><div class=\"bt_bb_latest_posts_item_image\"><a href=\"https:\/\/www.marixperience.com\/me\/svijet-koji-vrijedi-cuvati-iskustva-koja-nas-podsjecaju-zasto-volimo-putovanja\/\" target=\"_self\"><img src=\"https:\/\/www.marixperience.com\/wp-content\/plugins\/bold-page-builder\/img\/blank.gif\" alt=\"Svijet koji vrijedi \u010duvati: Iskustva koja nas podsje\u0107aju za\u0161to volimo putovanja\" title=\"Svijet koji vrijedi \u010duvati: Iskustva koja nas podsje\u0107aju za\u0161to volimo putovanja\" class=\"btLazyLoadImage\"  data-image_src=\"https:\/\/www.marixperience.com\/wp-content\/uploads\/2026\/01\/venice.png\" ><\/a><\/div><div class=\"bt_bb_latest_posts_item_content\"><div class=\"bt_bb_latest_posts_item_meta\"><span class=\"bt_bb_latest_posts_item_date\">January 28, 2026<\/span><\/div><h5 class=\"bt_bb_latest_posts_item_title\"><a href=\"https:\/\/www.marixperience.com\/me\/svijet-koji-vrijedi-cuvati-iskustva-koja-nas-podsjecaju-zasto-volimo-putovanja\/\" target=\"_self\">Svijet koji vrijedi \u010duvati: Iskustva koja nas podsje\u0107aju za\u0161to volimo putovanja<\/a><\/h5><div class=\"bt_bb_latest_posts_item_excerpt\"><\/div><\/div> <!-- \/bt_bb_latest_posts_item_content --><\/div> <!-- \/bt_bb_latest_posts_item_inner --><\/div> <!-- \/bt_bb_latest_posts_item  --><div class=\"bt_bb_latest_posts_item bt_bb_latest_posts_item_even\"><div class=\"bt_bb_latest_posts_item_inner\"><div class=\"bt_bb_latest_posts_item_image\"><a href=\"https:\/\/www.marixperience.com\/me\/zasto-se-putnici-osjecaju-iscrpljeno-nakon-odmora\/\" target=\"_self\"><img src=\"https:\/\/www.marixperience.com\/wp-content\/plugins\/bold-page-builder\/img\/blank.gif\" alt=\"Za\u0161to se putnici osje\u0107aju iscrpljeno nakon odmora?\" title=\"Za\u0161to se putnici osje\u0107aju iscrpljeno nakon odmora?\" class=\"btLazyLoadImage\"  data-image_src=\"https:\/\/www.marixperience.com\/wp-content\/uploads\/2025\/10\/pexels-alpyildizlar-29254561-1280x960.jpg\" ><\/a><\/div><div class=\"bt_bb_latest_posts_item_content\"><div class=\"bt_bb_latest_posts_item_meta\"><span class=\"bt_bb_latest_posts_item_date\">October 10, 2025<\/span><\/div><h5 class=\"bt_bb_latest_posts_item_title\"><a href=\"https:\/\/www.marixperience.com\/me\/zasto-se-putnici-osjecaju-iscrpljeno-nakon-odmora\/\" target=\"_self\">Za\u0161to se putnici osje\u0107aju iscrpljeno nakon odmora?<\/a><\/h5><div class=\"bt_bb_latest_posts_item_excerpt\"><\/div><\/div> <!-- \/bt_bb_latest_posts_item_content --><\/div> <!-- \/bt_bb_latest_posts_item_inner --><\/div> <!-- \/bt_bb_latest_posts_item  --><div class=\"bt_bb_latest_posts_item bt_bb_latest_posts_item_even\"><div class=\"bt_bb_latest_posts_item_inner\"><div class=\"bt_bb_latest_posts_item_image\"><a href=\"https:\/\/www.marixperience.com\/me\/ako-planirate-skijati-povoljno-naredne-sezone-kupite-skipas-sada\/\" target=\"_self\"><img src=\"https:\/\/www.marixperience.com\/wp-content\/plugins\/bold-page-builder\/img\/blank.gif\" alt=\"Ako Planirate Skijati Povoljno Naredne Sezone \u2014 Kupite Skipas Sada\" title=\"Ako Planirate Skijati Povoljno Naredne Sezone \u2014 Kupite Skipas Sada\" class=\"btLazyLoadImage\"  data-image_src=\"https:\/\/www.marixperience.com\/wp-content\/uploads\/2025\/05\/pexels-visitalmaty-848618-1280x960.jpg\" ><\/a><\/div><div class=\"bt_bb_latest_posts_item_content\"><div class=\"bt_bb_latest_posts_item_meta\"><span class=\"bt_bb_latest_posts_item_date\">May 19, 2025<\/span><\/div><h5 class=\"bt_bb_latest_posts_item_title\"><a href=\"https:\/\/www.marixperience.com\/me\/ako-planirate-skijati-povoljno-naredne-sezone-kupite-skipas-sada\/\" target=\"_self\">Ako Planirate Skijati Povoljno Naredne Sezone \u2014 Kupite Skipas Sada<\/a><\/h5><div class=\"bt_bb_latest_posts_item_excerpt\"><\/div><\/div> <!-- \/bt_bb_latest_posts_item_content --><\/div> <!-- \/bt_bb_latest_posts_item_inner --><\/div> <!-- \/bt_bb_latest_posts_item  --><\/div><\/div><\/div><\/div><\/div><\/div><\/div><\/div><\/div><\/section><\/div>","protected":false},"excerpt":{"rendered":"","protected":false},"author":2,"featured_media":0,"parent":0,"menu_order":0,"comment_status":"closed","ping_status":"closed","template":"","meta":[],"_links":{"self":[{"href":"https:\/\/www.marixperience.com\/me\/wp-json\/wp\/v2\/pages\/2871"}],"collection":[{"href":"https:\/\/www.marixperience.com\/me\/wp-json\/wp\/v2\/pages"}],"about":[{"href":"https:\/\/www.marixperience.com\/me\/wp-json\/wp\/v2\/types\/page"}],"author":[{"embeddable":true,"href":"https:\/\/www.marixperience.com\/me\/wp-json\/wp\/v2\/users\/2"}],"replies":[{"embeddable":true,"href":"https:\/\/www.marixperience.com\/me\/wp-json\/wp\/v2\/comments?post=2871"}],"version-history":[{"count":38,"href":"https:\/\/www.marixperience.com\/me\/wp-json\/wp\/v2\/pages\/2871\/revisions"}],"predecessor-version":[{"id":3942,"href":"https:\/\/www.marixperience.com\/me\/wp-json\/wp\/v2\/pages\/2871\/revisions\/3942"}],"wp:attachment":[{"href":"https:\/\/www.marixperience.com\/me\/wp-json\/wp\/v2\/media?parent=2871"}],"curies":[{"name":"wp","href":"https:\/\/api.w.org\/{rel}","templated":true}]}}