{"id":2868,"date":"2020-08-26T10:14:21","date_gmt":"2020-08-26T10:14:21","guid":{"rendered":"https:\/\/www.marixperience.com\/services\/"},"modified":"2021-11-29T17:48:44","modified_gmt":"2021-11-29T17:48:44","slug":"kako-radimo-sa-vama","status":"publish","type":"page","link":"https:\/\/www.marixperience.com\/me\/kako-radimo-sa-vama\/","title":{"rendered":"Kako radimo sa Vama"},"content":{"rendered":"<div class=\"bt_bb_wrapper\"><section id=\"bt_bb_section69f189421f6c7\" data-parallax=\"0.6\" data-parallax-offset=\"0\" class=\"bt_bb_section bt_bb_top_spacing_large bt_bb_bottom_spacing_large bt_bb_color_scheme_1 bt_bb_layout_boxed_1200 bt_bb_vertical_align_top bt_bb_background_image bt_bb_parallax\" style=\"background-image:url(&#039;https:\/\/www.marixperience.com\/wp-content\/uploads\/2021\/11\/shutterstock_313785899.jpg&#039;);\"><div class=\"bt_bb_port\"><div class=\"bt_bb_cell\"><div class=\"bt_bb_cell_inner\"><div class=\"bt_bb_row_wrapper\"><div  class=\"bt_bb_row bt_bb_column_gap_40 bt_bb_animation_no_animation animate\" ><div  class=\"bt_bb_column col-xl-12 col-xs-12 col-sm-12 col-md-12 col-lg-12 bt_bb_align_center bt_bb_vertical_align_middle bt_bb_padding_normal bt_bb_animation_fade_in animate\"  data-width=\"12\" data-bt-override-class=\"{}\"><div class=\"bt_bb_column_content\"><div class=\"bt_bb_column_content_inner\"><div class=\"bt_bb_separator bt_bb_bottom_spacing_medium bt_bb_border_style_none bt_bb_border_color_none\"><\/div><header class=\"bt_bb_headline bt_bb_dash_none bt_bb_size_huge bt_bb_subheadline bt_bb_align_inherit\" data-bt-override-class=\"{&quot;bt_bb_size_&quot;:{&quot;current_class&quot;:&quot;bt_bb_size_huge&quot;,&quot;xl&quot;:&quot;huge&quot;},&quot;bt_bb_align_&quot;:{&quot;current_class&quot;:&quot;bt_bb_align_inherit&quot;,&quot;xl&quot;:&quot;inherit&quot;}}\"><h1 class=\"bt_bb_headline_tag\"><span class=\"bt_bb_headline_content\"><span>Kako radimo sa Vama<\/span><\/span><\/h1><div class=\"bt_bb_headline_subheadline\">Mo\u017eemo vam biti na usluzi na dva na\u010dina: kao pouzdani izvr\u0161ni konsultant ili kao interni konsultant za projekte.<\/div><\/header><div class=\"bt_bb_separator bt_bb_bottom_spacing_small bt_bb_border_style_none bt_bb_border_color_none\"><\/div><\/div><\/div><\/div><\/div><\/div><\/div><\/div><\/div><\/section><section id=\"bt_bb_section69f189421f8d0\"  class=\"bt_bb_section bt_bb_color_scheme_15 bt_bb_layout_wide bt_bb_vertical_align_top\" style=\";background-color:rgb(255,255,255);\"><div class=\"bt_bb_port\"><div class=\"bt_bb_cell\"><div class=\"bt_bb_cell_inner\"><div class=\"bt_bb_row_wrapper bt_bb_row_width_boxed_1200 bt_bb_row_push_left bt_bb_content_wide\"><div  class=\"bt_bb_row bt_bb_column_gap_0 bt_bb_animation_no_animation animate\" style=\" background-color: rgba(244, 247, 246, 1);\"><div  class=\"bt_bb_column col-xl-5 bt_bb_align_left bt_bb_vertical_align_top bt_bb_padding_normal bt_bb_animation_fade_in animate\"  data-width=\"5\" data-bt-override-class=\"{}\"><div class=\"bt_bb_column_content\"><div class=\"bt_bb_column_content_inner\"><div class=\"bt_bb_image bt_bb_shape_square bt_bb_align_inherit bt_bb_hover_style_simple bt_bb_content_display_always bt_bb_content_align_middle\" data-bt-override-class=\"{&quot;bt_bb_align_&quot;:{&quot;current_class&quot;:&quot;bt_bb_align_inherit&quot;,&quot;xl&quot;:&quot;inherit&quot;}}\"><span><img width=\"1280\" height=\"1280\" src=\"https:\/\/www.marixperience.com\/wp-content\/uploads\/2021\/11\/shutterstock_522883786-1280x1280.jpg\" class=\"attachment-boldthemes_large_square size-boldthemes_large_square\" alt=\"https:\/\/www.marixperience.com\/wp-content\/uploads\/2021\/11\/shutterstock_522883786-1280x1280.jpg\" loading=\"lazy\" data-full_image_src=\"https:\/\/www.marixperience.com\/wp-content\/uploads\/2021\/11\/shutterstock_522883786.jpg\" title=\"shutterstock_522883786\" srcset=\"https:\/\/www.marixperience.com\/wp-content\/uploads\/2021\/11\/shutterstock_522883786-1280x1280.jpg 1280w, https:\/\/www.marixperience.com\/wp-content\/uploads\/2021\/11\/shutterstock_522883786-160x160.jpg 160w, https:\/\/www.marixperience.com\/wp-content\/uploads\/2021\/11\/shutterstock_522883786-320x320.jpg 320w, https:\/\/www.marixperience.com\/wp-content\/uploads\/2021\/11\/shutterstock_522883786-640x640.jpg 640w\" sizes=\"(max-width: 1280px) 100vw, 1280px\" \/><\/span><\/div><\/div><\/div><\/div><div  class=\"bt_bb_column col-xl-1 bt_bb_align_left bt_bb_vertical_align_top bt_bb_padding_normal\"  data-width=\"1\" data-bt-override-class=\"{}\"><div class=\"bt_bb_column_content\"><div class=\"bt_bb_column_content_inner\"><\/div><\/div><\/div><div  class=\"bt_bb_column col-xl-6 bt_bb_align_left bt_bb_vertical_align_middle bt_bb_padding_20 bt_bb_animation_fade_in animate\" style=\"background-color:rgba(237,237,237,0);\" data-width=\"6\" data-bt-override-class=\"{&quot;bt_bb_align_&quot;:{&quot;current_class&quot;:&quot;bt_bb_align_left&quot;,&quot;xl&quot;:&quot;left&quot;}}\"><div class=\"bt_bb_column_content\"><div class=\"bt_bb_column_content_inner\"><div class=\"bt_bb_separator bt_bb_bottom_spacing_large bt_bb_border_style_none bt_bb_border_color_none bt_bb_hidden_md bt_bb_hidden_lg\"><\/div><header class=\"bt_bb_headline bt_bb_dash_none bt_bb_size_large bt_bb_supertitle_style_accent bt_bb_subheadline bt_bb_align_inherit\" data-bt-override-class=\"{&quot;bt_bb_size_&quot;:{&quot;current_class&quot;:&quot;bt_bb_size_large&quot;,&quot;xl&quot;:&quot;large&quot;},&quot;bt_bb_align_&quot;:{&quot;current_class&quot;:&quot;bt_bb_align_inherit&quot;,&quot;xl&quot;:&quot;inherit&quot;}}\"><h3 class=\"bt_bb_headline_tag\"><span class=\"bt_bb_headline_content\"><span>Pouzdani izvr\u0161ni konsultant<\/span><\/span><\/h3><div class=\"bt_bb_headline_subheadline\">Vi nas zadu\u017eujete da djelujemo kao sposoban, iskusan i pouzdan konsultant da interveni\u0161e po odre\u0111enom pitanju. Na\u0161 rad je diskretan, brz i fokusiran. Rje\u0161avamo zadatak od A do \u0160 do najsitnijih detalja.<\/div><\/header><div class=\"bt_bb_separator bt_bb_bottom_spacing_normal bt_bb_border_style_none bt_bb_border_color_none\"><\/div><div  class=\"bt_bb_row_inner\" ><div  class=\"bt_bb_column_inner col-xl-12 col-xs-12 col-sm-12 col-md-12 col-lg-12 bt_bb_align_left bt_bb_vertical_align_top\"  data-width=\"12\" data-bt-override-class=\"{}\"><div class=\"bt_bb_column_inner_content\"><div  class=\"bt_bb_text\" ><p>Slu\u0161amo o problemu i iznijetim argumentima. Zatim obogac\u0301ujemo pitanja i nova rije\u0161enja dodavanjem relevantnih \u010dinjenica, aktivacijom pravih stru\u010dnjaka i preno\u0161enjem na\u0161eg iskustva. Na kraju, dajemo vam zaklju\u010dke i pri\u010du.<\/p>\n<\/div><div class=\"bt_bb_separator bt_bb_bottom_spacing_15 bt_bb_border_style_none bt_bb_border_color_none\"><\/div><\/div><\/div><\/div><div class=\"bt_bb_separator bt_bb_bottom_spacing_medium bt_bb_border_style_none bt_bb_border_color_none bt_bb_hidden_md bt_bb_hidden_lg\"><\/div><\/div><\/div><\/div><\/div><\/div><div class=\"bt_bb_row_wrapper bt_bb_row_width_boxed_1200 bt_bb_row_push_right bt_bb_content_wide\"><div  class=\"bt_bb_row bt_bb_column_gap_0 bt_bb_animation_no_animation animate\" ><div  class=\"bt_bb_column col-xl-6 bt_bb_align_left bt_bb_vertical_align_middle bt_bb_padding_20 bt_bb_animation_fade_in animate\"  data-width=\"6\" data-bt-override-class=\"{}\"><div class=\"bt_bb_column_content\"><div class=\"bt_bb_column_content_inner\"><div class=\"bt_bb_separator bt_bb_bottom_spacing_large bt_bb_border_style_none bt_bb_border_color_none bt_bb_hidden_md bt_bb_hidden_lg\"><\/div><header class=\"bt_bb_headline bt_bb_dash_none bt_bb_size_large bt_bb_supertitle_style_accent bt_bb_subheadline bt_bb_align_inherit\" data-bt-override-class=\"{&quot;bt_bb_size_&quot;:{&quot;current_class&quot;:&quot;bt_bb_size_large&quot;,&quot;xl&quot;:&quot;large&quot;},&quot;bt_bb_align_&quot;:{&quot;current_class&quot;:&quot;bt_bb_align_inherit&quot;,&quot;xl&quot;:&quot;inherit&quot;}}\"><h3 class=\"bt_bb_headline_tag\"><span class=\"bt_bb_headline_content\"><span>Interni konsultant projekta<\/span><\/span><\/h3><div class=\"bt_bb_headline_subheadline\">Dodeljujete nas kada vam je potreban vje\u0161t i stru\u010dan konsultant koji c\u0301e podr\u017eati interni ad-hoc tim sastavljen za sprovo\u0111enje projekta sli\u010dnog konsaltingu. Naj\u010de\u0161\u0107e biva u slu\u010daju Internog audita za ISO standarde odre\u0111ene firme.<\/div><\/header><div class=\"bt_bb_separator bt_bb_bottom_spacing_normal bt_bb_border_style_none bt_bb_border_color_none\"><\/div><div  class=\"bt_bb_row_inner\" ><div  class=\"bt_bb_column_inner col-xl-12 col-xs-12 col-sm-12 col-md-12 col-lg-12 bt_bb_align_left bt_bb_vertical_align_top\"  data-width=\"12\" data-bt-override-class=\"{}\"><div class=\"bt_bb_column_inner_content\"><div  class=\"bt_bb_text\" ><p>U tom slu\u010daju, na\u0161a misija je obu\u010diti, voditi ili podr\u017eati interni projektni tim i njegovog vo\u0111u, omoguc\u0301avajuc\u0301i tako isporuku visokokvalitetnih pravovremenih rezultata.<\/p>\n<\/div><div class=\"bt_bb_separator bt_bb_bottom_spacing_15 bt_bb_border_style_none bt_bb_border_color_none\"><\/div><\/div><\/div><\/div><div class=\"bt_bb_separator bt_bb_bottom_spacing_medium bt_bb_border_style_none bt_bb_border_color_none bt_bb_hidden_md bt_bb_hidden_lg\"><\/div><\/div><\/div><\/div><div  class=\"bt_bb_column col-xl-1 bt_bb_align_left bt_bb_vertical_align_top bt_bb_padding_normal\"  data-width=\"1\" data-bt-override-class=\"{}\"><div class=\"bt_bb_column_content\"><div class=\"bt_bb_column_content_inner\"><\/div><\/div><\/div><div  class=\"bt_bb_column col-xl-5 bt_bb_align_left bt_bb_vertical_align_top bt_bb_padding_normal bt_bb_animation_fade_in animate\"  data-width=\"5\" data-bt-override-class=\"{}\"><div class=\"bt_bb_column_content\"><div class=\"bt_bb_column_content_inner\"><div class=\"bt_bb_image bt_bb_shape_square bt_bb_align_inherit bt_bb_hover_style_simple bt_bb_content_display_always bt_bb_content_align_middle\" data-bt-override-class=\"{&quot;bt_bb_align_&quot;:{&quot;current_class&quot;:&quot;bt_bb_align_inherit&quot;,&quot;xl&quot;:&quot;inherit&quot;}}\"><span><img width=\"1280\" height=\"1280\" src=\"https:\/\/www.marixperience.com\/wp-content\/uploads\/2021\/11\/shutterstock_530013088-1280x1280.jpg\" class=\"attachment-boldthemes_large_square size-boldthemes_large_square\" alt=\"https:\/\/www.marixperience.com\/wp-content\/uploads\/2021\/11\/shutterstock_530013088-1280x1280.jpg\" loading=\"lazy\" data-full_image_src=\"https:\/\/www.marixperience.com\/wp-content\/uploads\/2021\/11\/shutterstock_530013088.jpg\" title=\"shutterstock_530013088\" srcset=\"https:\/\/www.marixperience.com\/wp-content\/uploads\/2021\/11\/shutterstock_530013088-1280x1280.jpg 1280w, https:\/\/www.marixperience.com\/wp-content\/uploads\/2021\/11\/shutterstock_530013088-160x160.jpg 160w, https:\/\/www.marixperience.com\/wp-content\/uploads\/2021\/11\/shutterstock_530013088-320x320.jpg 320w, https:\/\/www.marixperience.com\/wp-content\/uploads\/2021\/11\/shutterstock_530013088-640x640.jpg 640w\" sizes=\"(max-width: 1280px) 100vw, 1280px\" \/><\/span><\/div><\/div><\/div><\/div><\/div><\/div><\/div><\/div><\/div><\/section><\/div>","protected":false},"excerpt":{"rendered":"","protected":false},"author":2,"featured_media":0,"parent":0,"menu_order":0,"comment_status":"closed","ping_status":"closed","template":"","meta":[],"_links":{"self":[{"href":"https:\/\/www.marixperience.com\/me\/wp-json\/wp\/v2\/pages\/2868"}],"collection":[{"href":"https:\/\/www.marixperience.com\/me\/wp-json\/wp\/v2\/pages"}],"about":[{"href":"https:\/\/www.marixperience.com\/me\/wp-json\/wp\/v2\/types\/page"}],"author":[{"embeddable":true,"href":"https:\/\/www.marixperience.com\/me\/wp-json\/wp\/v2\/users\/2"}],"replies":[{"embeddable":true,"href":"https:\/\/www.marixperience.com\/me\/wp-json\/wp\/v2\/comments?post=2868"}],"version-history":[{"count":3,"href":"https:\/\/www.marixperience.com\/me\/wp-json\/wp\/v2\/pages\/2868\/revisions"}],"predecessor-version":[{"id":2987,"href":"https:\/\/www.marixperience.com\/me\/wp-json\/wp\/v2\/pages\/2868\/revisions\/2987"}],"wp:attachment":[{"href":"https:\/\/www.marixperience.com\/me\/wp-json\/wp\/v2\/media?parent=2868"}],"curies":[{"name":"wp","href":"https:\/\/api.w.org\/{rel}","templated":true}]}}